{"id":13493,"date":"2026-01-17T14:00:14","date_gmt":"2026-01-17T14:00:14","guid":{"rendered":"https:\/\/praxis-krippendorf.de\/?page_id=13493"},"modified":"2026-01-18T16:55:52","modified_gmt":"2026-01-18T16:55:52","slug":"yoga-body-work","status":"publish","type":"page","link":"https:\/\/praxis-krippendorf.de\/?page_id=13493","title":{"rendered":"Yoga Body Work &#8211; Onlinekurs"},"content":{"rendered":"<div class=\"fusion-fullwidth fullwidth-box fusion-fullwidth-1  fusion-parallax-none hundred-percent-fullwidth\" style=\"border-color:#eae9e9;border-bottom-width: 0px;border-top-width: 0px;border-bottom-style: solid;border-top-style: solid;padding-bottom:0px;padding-top:180px;padding-left:px;padding-right:0px;background-position:center center;background-repeat:no-repeat;-webkit-background-size:cover;-moz-background-size:cover;-o-background-size:cover;background-size:cover;-ms-filter: &quot;progid:DXImageTransform.Microsoft.AlphaImageLoader(src=&#039;https:\/\/praxis-krippendorf.de\/wp-content\/uploads\/2026\/01\/Bild-Yoga-Body-Work.jpeg&#039;, sizingMethod=&#039;scale&#039;)&quot;;background-image: url(https:\/\/praxis-krippendorf.de\/wp-content\/uploads\/2026\/01\/Bild-Yoga-Body-Work.jpeg);\"><style type=\"text\/css\" scoped=\"scoped\">.fusion-fullwidth-1 {\n                            padding-left: px !important;\n                            padding-right: 0px !important;\n                        }<\/style><div class=\"fusion-row\"><div class=\"fusion-one-full fusion-layout-column fusion-column-last fusion-spacing-no\" style=\"margin-top:0px;margin-bottom:0px;\"><div class=\"fusion-column-wrapper\"><div style=\"background: #dbdbdb; padding: 10px 120px; opacity: 0.75;\">\n<h2>Yoga Body Work &#8211; Von der K\u00f6rperkompetenz zum Sein<\/h2>\n<\/div>\n<div class=\"fusion-clearfix\"><\/div><\/div><\/div><div class=\"fusion-clearfix\"><\/div><\/div><\/div><div class=\"fusion-fullwidth fullwidth-box fusion-fullwidth-2  fusion-parallax-none hundred-percent-fullwidth\" style=\"border-color:#eae9e9;border-bottom-width: 0px;border-top-width: 0px;border-bottom-style: solid;border-top-style: solid;padding-bottom:0px;padding-top:3px;padding-left:0px;padding-right:0px;background-color:#dc7a7a;\"><style type=\"text\/css\" scoped=\"scoped\">.fusion-fullwidth-2 {\n                            padding-left: 0px !important;\n                            padding-right: 0px !important;\n                        }<\/style><div class=\"fusion-row\"><\/div><\/div><div class=\"fusion-fullwidth fullwidth-box fusion-fullwidth-3  fusion-parallax-none hundred-percent-fullwidth fusion-nonzero-padding fusion-equal-height-columns\" style=\"border-color:#eae9e9;border-bottom-width: 0px;border-top-width: 0px;border-bottom-style: solid;border-top-style: solid;padding-bottom:35px;padding-top:60px;padding-left:120px;padding-right:px;background-color:#ffffff;\"><style type=\"text\/css\" scoped=\"scoped\">.fusion-fullwidth-3 {\n                            padding-left: 120px !important;\n                            padding-right: px !important;\n                        }<\/style><div class=\"fusion-row\"><div class=\"fusion-three-fifth fusion-layout-column fusion-spacing-no\" style=\"margin-top:0px;margin-bottom:0px;\"><div class=\"fusion-column-wrapper\" style=\"background-color:#ffffff;padding:0px 40px;\"><p>In dieser Kursreihe wenden wir uns der somatischen (physiologischen) Ausrichtung aufmerksam zu und f\u00fchren den K\u00f6rper in ein Alignment, welches auch eine Verfeinerung der inneren Haltung erm\u00f6glicht. Wir nutzen den K\u00f6rper als Werkzeug, sogleich wir ihn fordern und neue M\u00f6glichkeiten schaffen. Dazu erkunden wir tieferliegende R\u00e4ume und entfalten \u00fcber die eigene K\u00f6rperintelligenz unsere Kraft und Pr\u00e4senz. Die Kursstunden laden dazu ein, sich auf die kommende Woche auszurichten. \u00dcber Verk\u00f6rperung und Struktur kreieren sie eine Klarheit, welche Orientierung und Halt gibt, um mit den Herausforderungen des Lebens wirksamer umgehen zu k\u00f6nnen.<\/p>\n<p>Erfahrung geschieht durch den K\u00f6rper hindurch. Und mit dem K\u00f6rper gelangen wir ins F\u00fchlen und ins Bewusstsein. Das bewusste Sein ebnet den Weg in den Zustand des Seins. Es ist ein Zustand mit der Abwesenheit von Gedanken und der tiefen Erfahrung von \u201eich bin\u201c. Die Verbundenheit und Einheit von Verk\u00f6rperung und absoluter Pr\u00e4senz und Stille.<\/p>\n<p>Yoga Body Work ist eine Kursreihe, welche fortlaufend ist, d.h. die einzelnen Kurse zu je drei Terminen k\u00f6nnen immer wieder neu gebucht werden. Dies erm\u00f6glicht eine kontinuierliche Praxis und wirkungsvolle Arbeit mit dem K\u00f6rper. Da die Yogastunden eher einem Workshop \u00e4hneln, erhalten die TeilnehmerInnen nach der Live-Praxis auch einen Link zur Aufzeichnung, um die Stunde wiederholt \u00fcben zu k\u00f6nnen. Dies verfeinert die eigene Yogapraxis und schafft f\u00fcr andere Yogastunden eine pr\u00e4zise Ausrichtung und Stabilit\u00e4t. In diese Kursstunden flie\u00dfen meine erfahrenen Kenntnisse als Yogalehrerin und meine langj\u00e4hrige Arbeit als K\u00f6rpertherapeutin (Osteopathin) unter Einbezug der Komplexit\u00e4t der K\u00f6rperfunktionen und -prozesse.<\/p>\n<p>Um diese Yogapraxis effektiv nutzen zu k\u00f6nnen, solltest du bereits etwas Yoga praktizieren. Du ben\u00f6tigst eine Matte, zwei Yogabl\u00f6cke, einen Yogagurt und eine Decke. Einen Link zur Aufzeichnung erh\u00e4ltst du sp\u00e4testens am Tag nach der Kursstunde. Der Link ist f\u00fcr 14 Tage g\u00fcltig.<\/p>\n<div class=\"fusion-clearfix\"><\/div><\/div><\/div><div class=\"fusion-two-fifth fusion-layout-column fusion-column-last fusion-spacing-no\" style=\"margin-top:0px;margin-bottom:0px;\"><div class=\"fusion-column-wrapper\" style=\"padding:0px 80px;\"><p style=\"font-size: 16px;\">Kurstermine:<\/p>\n<ul>\n<li>3 Termine \u00e0 90 Minuten<\/li>\n<li>sonntags, 18.00-19.30 Uhr<\/li>\n<li>online live \u00fcber Zoom<\/li>\n<li>Zugang zur Aufnahme f\u00fcr 14 Tage<\/li>\n<li>aktuelle Termine und Anmeldung siehe unten<u><\/u><\/li>\n<\/ul>\n<p style=\"font-size: 16px;\">Kosten:<\/p>\n<ul>\n<li>60,00 \u20ac<\/li>\n<\/ul>\n<p style=\"font-size: 16px;\">Ort:<\/p>\n<ul>\n<li>online live \u00fcber Zoom<\/li>\n<li>Du ben\u00f6tigst eine Matte, zwei Yogabl\u00f6cke, einen Yogagurt und eine Decke.<\/li>\n<\/ul>\n<div class=\"fusion-clearfix\"><\/div><\/div><\/div><div class=\"fusion-clearfix\"><\/div><\/div><\/div><div class=\"fusion-fullwidth fullwidth-box fusion-fullwidth-4  fusion-parallax-none hundred-percent-fullwidth fusion-nonzero-padding fusion-equal-height-columns\" style=\"border-color:#eae9e9;border-bottom-width: 0px;border-top-width: 0px;border-bottom-style: solid;border-top-style: solid;padding-bottom:35px;padding-top:35px;padding-left:120px;padding-right:px;background-color:#ffffff;\"><style type=\"text\/css\" scoped=\"scoped\">.fusion-fullwidth-4 {\n                            padding-left: 120px !important;\n                            padding-right: px !important;\n                        }<\/style><div class=\"fusion-row\"><div class=\"fusion-two-third fusion-layout-column fusion-column-last fusion-spacing-no\" style=\"margin-top:0px;margin-bottom:0px;\"><div class=\"fusion-column-wrapper\" style=\"background-color:#ffffff;padding:0px 40px;\"><h3><strong>Anmeldung zu den Kursen (Online-Teilnahme \u00fcber Zoom)\u00a0<\/strong><\/h3>\n<p><iframe loading=\"lazy\" id=\"696a7714d486977f25345d7a\" class=\"yolawo-widget\" src=\"https:\/\/widgets.yolawo.de\/w\/696a7714d486977f25345d7a\" width=\"100%\" height=\"150\" frameborder=\"0\" scrolling=\"no\" data-offset-x=\"50\"><\/iframe><script type=\"text\/javascript\" src=\"https:\/\/widgets.yolawo.de\/assets\/script.js\"><\/script><\/p>\n<div class=\"fusion-clearfix\"><\/div><\/div><\/div><div class=\"fusion-clearfix\"><\/div><\/div><\/div>\n","protected":false},"excerpt":{"rendered":"","protected":false},"author":1,"featured_media":0,"parent":0,"menu_order":0,"comment_status":"closed","ping_status":"closed","template":"100-width.php","meta":[],"_links":{"self":[{"href":"https:\/\/praxis-krippendorf.de\/index.php?rest_route=\/wp\/v2\/pages\/13493"}],"collection":[{"href":"https:\/\/praxis-krippendorf.de\/index.php?rest_route=\/wp\/v2\/pages"}],"about":[{"href":"https:\/\/praxis-krippendorf.de\/index.php?rest_route=\/wp\/v2\/types\/page"}],"author":[{"embeddable":true,"href":"https:\/\/praxis-krippendorf.de\/index.php?rest_route=\/wp\/v2\/users\/1"}],"replies":[{"embeddable":true,"href":"https:\/\/praxis-krippendorf.de\/index.php?rest_route=%2Fwp%2Fv2%2Fcomments&post=13493"}],"version-history":[{"count":11,"href":"https:\/\/praxis-krippendorf.de\/index.php?rest_route=\/wp\/v2\/pages\/13493\/revisions"}],"predecessor-version":[{"id":13511,"href":"https:\/\/praxis-krippendorf.de\/index.php?rest_route=\/wp\/v2\/pages\/13493\/revisions\/13511"}],"wp:attachment":[{"href":"https:\/\/praxis-krippendorf.de\/index.php?rest_route=%2Fwp%2Fv2%2Fmedia&parent=13493"}],"curies":[{"name":"wp","href":"https:\/\/api.w.org\/{rel}","templated":true}]}}