{"id":13463,"date":"2024-12-12T12:52:53","date_gmt":"2024-12-12T12:52:53","guid":{"rendered":"https:\/\/praxis-krippendorf.de\/?page_id=13463"},"modified":"2024-12-12T12:52:53","modified_gmt":"2024-12-12T12:52:53","slug":"frauenheilkunde-schwangerschaft-geburt","status":"publish","type":"page","link":"https:\/\/praxis-krippendorf.de\/?page_id=13463","title":{"rendered":"Frauenheilkunde, Schwangerschaft &#038; Geburt"},"content":{"rendered":"<div class=\"fusion-fullwidth fullwidth-box fusion-fullwidth-1  fusion-parallax-none hundred-percent-fullwidth\" style=\"border-color:#eae9e9;border-bottom-width: 0px;border-top-width: 0px;border-bottom-style: solid;border-top-style: solid;padding-bottom:0px;padding-top:180px;padding-left:0px;padding-right:0px;background-position:center center;background-repeat:no-repeat;-webkit-background-size:cover;-moz-background-size:cover;-o-background-size:cover;background-size:cover;-ms-filter: &quot;progid:DXImageTransform.Microsoft.AlphaImageLoader(src=&#039;https:\/\/praxis-krippendorf.de\/wp-content\/uploads\/2015\/03\/AdobeStock_81908450-683x1024.jpeg&#039;, sizingMethod=&#039;scale&#039;)&quot;;background-image: url(https:\/\/praxis-krippendorf.de\/wp-content\/uploads\/2015\/03\/AdobeStock_81908450-683x1024.jpeg);\"><style type=\"text\/css\" scoped=\"scoped\">.fusion-fullwidth-1 {\n                            padding-left: 0px !important;\n                            padding-right: 0px !important;\n                        }<\/style><div class=\"fusion-row\"><div class=\"fusion-one-full fusion-layout-column fusion-column-last fusion-spacing-yes\" style=\"margin-top:0px;margin-bottom:0px;\"><div class=\"fusion-column-wrapper\"><div style=\"background: #dbdbdb; padding: 10px 120px; opacity: 0.75;\">\n<h2>Frauenheilkunde, Schwangerschaft und Geburt<\/h2>\n<\/div>\n<div class=\"fusion-clearfix\"><\/div><\/div><\/div><div class=\"fusion-clearfix\"><\/div><\/div><\/div>\n<div class=\"fusion-fullwidth fullwidth-box fusion-fullwidth-2  fusion-parallax-none hundred-percent-fullwidth\" style=\"border-color:#eae9e9;border-bottom-width: 0px;border-top-width: 0px;border-bottom-style: solid;border-top-style: solid;padding-bottom:0px;padding-top:3px;padding-left:0px;padding-right:0px;background-color:#fcd49e;\"><style type=\"text\/css\" scoped=\"scoped\">.fusion-fullwidth-2 {\n                            padding-left: 0px !important;\n                            padding-right: 0px !important;\n                        }<\/style><div class=\"fusion-row\"><\/div><\/div>\n<div class=\"fusion-clearfix\"><\/div>\n<div class=\"fusion-fullwidth fullwidth-box fusion-fullwidth-3 fusion-parallax-none nonhundred-percent-fullwidth\" style=\"border-color: #eae9e9; border-bottom-width: 0px; border-top-width: 0px; border-bottom-style: solid; border-top-style: solid; padding: 60px 0px 60px 0px;\">\n<div class=\"fusion-row\">\n<div class=\"fusion-one-full fusion-layout-column fusion-column-last fusion-spacing-yes\" style=\"margin-top: 0px; margin-bottom: 0px;\">\n<div class=\"fusion-column-wrapper\" style=\"padding: 0px 120px;\">\n<p>Frauen haben eine genaue Vorstellung von ihrer weiblichen Gesundheit, ihrem weiblichen Wohlbefinden und ihrer weiblichen Identit\u00e4t. Ganz wichtig ist ihnen das Vertrauen darauf, zu sp\u00fcren, dass ihr K\u00f6rper mit ihnen zusammenarbeitet. Dabei haben die Lebensumst\u00e4nde und die Geschichte einer Frau erheblichen Einfluss auf ihren K\u00f6rper, ihre emotionale Verfassung und auch auf gyn\u00e4kologische St\u00f6rungen.<\/p>\n<p>In meiner Praxisarbeit m\u00f6chte ich Frauen dazu ermutigen, ihre innere Stimme wieder zu entdecken und auf ihren K\u00f6rper zu h\u00f6ren. Ich begleite sie darin, ihre urspr\u00fcngliche F\u00e4higkeit zur Heilung wieder zu aktivieren.<\/p>\n<div class=\"fusion-testimonials classic fusion-testimonials-1\" data-random=\"0\">\n<div class=\"reviews\">\n<div class=\"review no-avatar\">\n<blockquote><p>&nbsp;<\/p>\n<p style=\"font-size: 18px; text-align: center;\">\u201eDer K\u00f6rper ist unser Verb\u00fcndeter. Er zeigt uns stets, in welche Richtung wir gehen m\u00fcssen.\u201c &#8211; Dr. med. Christiane Northrup<\/p>\n<p>&nbsp;<\/p><\/blockquote>\n<\/div>\n<\/div>\n<\/div>\n<div class=\"fusion-sep-clear\"><\/div>\n<div class=\"fusion-separator fusion-full-width-sep sep-none\" style=\"border-color: #e0dede; margin: 20px auto 20px auto;\"><\/div>\n<p>Indikationen f\u00fcr eine Behandlung sind beispielsweise&#8230;<\/p>\n<ul>\n<li>Zyklusbedingte Beschwerden (Pr\u00e4menstruelles Syndrom, Menstruationsst\u00f6rungen)<\/li>\n<li>Vaginale Infektion, Harnwegsinfektion<\/li>\n<li>Schmerzzust\u00e4nde<\/li>\n<li>Blockaden und Syndrome an der Wirbels\u00e4ule, ISG-Beschwerden<\/li>\n<li>Schilddr\u00fcsenerkrankungen<\/li>\n<li>(unerf\u00fcllter) Kinderwunsch<\/li>\n<li>Geburtsverletzungen<\/li>\n<li>Beschwerden nach dem Stillen<\/li>\n<li>Beckenbodenschw\u00e4che, -schmerzen<\/li>\n<li>Beratung zu nat\u00fcrlicher Verh\u00fctungsmethode<\/li>\n<\/ul>\n<p>In meiner Arbeit verbinde ich meist <a href=\"http:\/\/www.praxis-krippendorf.de\/#verfahren\"><u>verschiedene Therapieverfahren<\/u><\/a> miteinander. Die Gewichtung der einzelnen Methoden w\u00e4hle ich individuell nach dem jeweiligen Krankheitsbild und den W\u00fcnschen der Klienten aus.<br \/>\nWenn Sie Fragen zu Ihrem Anliegen, zu einer Therapiemethode oder zum Behandlungsablauf haben, <a href=\"http:\/\/www.praxis-krippendorf.de\/#kontakt\"><u>kontaktieren Sie mich gerne<\/u><\/a>.<\/p>\n<h3 data-fontsize=\"24\" data-lineheight=\"36\">Schwangerschafts- und Geburtsmedizin<\/h3>\n<p>H\u00e4ufig verlaufen Schwangerschaft und Geburt anders als wir es uns w\u00fcnschen. Eine moderne Medizin f\u00fchrt zu immer mehr Eingriffen, die die nat\u00fcrliche Schwangerschafts- und Geburtsentwicklung irritieren. Komplikationen werden als normal angesehen, Geburten finden fast nur noch in Krankh\u00e4usern statt und die Kaiserschnittrate nimmt zu. Dabei tr\u00e4gt jede Frau das Wissen und auch das K\u00f6nnen f\u00fcr eine harmonische und nat\u00fcrliche Schwangerschaft und Geburt tief in sich. In der heutigen Zeit haben jedoch viele Frauen den Zugang hierzu verloren.<\/p>\n<h3 data-fontsize=\"24\" data-lineheight=\"36\">Ganzheitliche Begleitung<\/h3>\n<p>Ich ermutige und unterst\u00fctze Schwangere darin, zum Ursprung zur\u00fcckzukehren und sich ihrer Schwangerschaft hinzugeben, Vertrauen in sich selbst zu entwickeln und die Verbindung zu ihrer eigenen Kraft wiederherzustellen. Ich zeige Wege auf, um die besondere verbindende Zeit von Mutter und Kind zu nutzen.<br \/>\nIn regelm\u00e4\u00dfigen Sitzungen w\u00e4hrend der Schwangerschaft nehme ich mir Zeit, um auf die Anliegen der Frau und ihres Ungeborenen (oder der Familie) einzugehen. Dieses Angebot kann sowohl bei einem komplikationslosen Schwangerschaftsverlauf, als auch bei besonderen Herausforderungen (seelischen oder k\u00f6rperlichen) genutzt werden.<br \/>\nMeine Arbeit ersetzt nicht die Begleitung einer erfahrenen Hebamme und auch nicht die einer \u00c4rztin\/ eines Arztes. Sie kann aber eine tiefgreifende Erg\u00e4nzung sein, um umfassend die Schwangerschaft zu erfahren und den individuellen Bed\u00fcrfnissen entsprechend auf die Geburt vorbereitet zu sein.<\/p>\n<h3 data-fontsize=\"24\" data-lineheight=\"36\">Behandlung von Beschwerden<\/h3>\n<p>Bei der Behandlung von Schwangeren kombiniere ich <a href=\"http:\/\/www.praxis-krippendorf.de\/#verfahren\"><u>verschiedene Therapiemethoden<\/u><\/a> miteinander, welche unter Ber\u00fccksichtigung des derzeitigen Zustands auf die Schwangere und ihr Ungeborenes abgestimmt werden.<\/p>\n<p>M\u00f6gliche Anliegen sind beispielsweise\u2026<\/p>\n<ul>\n<li>der Wunsch nach einer ganzheitlich erfahrenen und nat\u00fcrlichen Schwangerschaft und Geburt.<\/li>\n<li>eine Beratung zu Ern\u00e4hrung oder Bewegung in der Schwangerschaft.<\/li>\n<li>die Verarbeitung und L\u00f6sung von Trauma (vorangegangene Fehlgeburten, Geburtsverletzungen, Trennung von Mutter und Kind, Krankenhausaufenthalte).<\/li>\n<li>k\u00f6rperliche Beschwerden (R\u00fcckenschmerzen, Blockaden, Symphysenbeschwerden, Verdauungsst\u00f6rungen, Infektionen).<\/li>\n<li>ein emotionales Ungleichgewicht (Schlafst\u00f6rungen, Unruhe, \u00c4ngste).<\/li>\n<li>wenn sich das Kind nicht in Geburtslage drehen m\u00f6chte.<\/li>\n<\/ul>\n<p>Zur individuellen Vorbereitung auf eine selbstbestimmte Geburt beachten Sie bitte auch mein <a href=\"https:\/\/praxis-krippendorf.de\/?page_id=12371\"><u>GeburtsRaum-Konzept<\/u><\/a>.<\/p>\n<h3 data-fontsize=\"24\" data-lineheight=\"36\">Akupunktur zur Geburtsvorbereitung<\/h3>\n<p>Die Wirkung der Akupunktur als Vorbereitung auf die Geburt ist mittlerweile breit bekannt und wissenschaftlich durch Studien belegt. Behandlungsziele sind:<\/p>\n<ul>\n<li>Geb\u00e4rmutterhals und Muttermund werden schon vor der eigentlichen Geburt weicher.<\/li>\n<li>Der Muttermund \u00f6ffnet sich eventuell schon 1-2 cm.<\/li>\n<li>Es soll eine k\u00fcrzere und leichtere Geburt bewirkt werden.<\/li>\n<li>Die meisten Frauen gehen entspannter und gest\u00e4rkter in die Geburt.<\/li>\n<\/ul>\n<p>Die Akupunktursitzungen beginnen in der 36. Schwangerschaftswoche und werden bis zur Geburt 1-2 Mal w\u00f6chentlich durchgef\u00fchrt. Eine Sitzung dauert etwa 20-30 Minuten.<\/p>\n<div class=\"fusion-clearfix\"><\/div>\n<\/div>\n<\/div>\n<div class=\"fusion-clearfix\"><\/div>\n<\/div>\n<\/div>\n","protected":false},"excerpt":{"rendered":"<p>Frauen haben eine genaue Vorstellung von ihrer weiblichen Gesundheit, ihrem weiblichen Wohlbefinden und ihrer weiblichen Identit\u00e4t. Ganz wichtig ist ihnen das Vertrauen darauf, zu sp\u00fcren, dass ihr K\u00f6rper mit ihnen zusammenarbeitet. Dabei haben die Lebensumst\u00e4nde und die Geschichte einer Frau erheblichen Einfluss auf ihren K\u00f6rper, ihre emotionale Verfassung und auch auf gyn\u00e4kologische St\u00f6rungen. In meiner [&hellip;]<\/p>\n","protected":false},"author":1,"featured_media":0,"parent":0,"menu_order":0,"comment_status":"closed","ping_status":"closed","template":"100-width.php","meta":[],"_links":{"self":[{"href":"https:\/\/praxis-krippendorf.de\/index.php?rest_route=\/wp\/v2\/pages\/13463"}],"collection":[{"href":"https:\/\/praxis-krippendorf.de\/index.php?rest_route=\/wp\/v2\/pages"}],"about":[{"href":"https:\/\/praxis-krippendorf.de\/index.php?rest_route=\/wp\/v2\/types\/page"}],"author":[{"embeddable":true,"href":"https:\/\/praxis-krippendorf.de\/index.php?rest_route=\/wp\/v2\/users\/1"}],"replies":[{"embeddable":true,"href":"https:\/\/praxis-krippendorf.de\/index.php?rest_route=%2Fwp%2Fv2%2Fcomments&post=13463"}],"version-history":[{"count":1,"href":"https:\/\/praxis-krippendorf.de\/index.php?rest_route=\/wp\/v2\/pages\/13463\/revisions"}],"predecessor-version":[{"id":13465,"href":"https:\/\/praxis-krippendorf.de\/index.php?rest_route=\/wp\/v2\/pages\/13463\/revisions\/13465"}],"wp:attachment":[{"href":"https:\/\/praxis-krippendorf.de\/index.php?rest_route=%2Fwp%2Fv2%2Fmedia&parent=13463"}],"curies":[{"name":"wp","href":"https:\/\/api.w.org\/{rel}","templated":true}]}}