{"id":13218,"date":"2023-03-22T23:39:36","date_gmt":"2023-03-22T23:39:36","guid":{"rendered":"https:\/\/praxis-krippendorf.de\/?page_id=13218"},"modified":"2024-10-22T12:03:42","modified_gmt":"2024-10-22T12:03:42","slug":"yoga-flow","status":"publish","type":"page","link":"https:\/\/praxis-krippendorf.de\/?page_id=13218","title":{"rendered":"Yoga Flow"},"content":{"rendered":"<div class=\"fusion-fullwidth fullwidth-box fusion-fullwidth-1  fusion-parallax-none hundred-percent-fullwidth\" style=\"border-color:#eae9e9;border-bottom-width: 0px;border-top-width: 0px;border-bottom-style: solid;border-top-style: solid;padding-bottom:0px;padding-top:180px;padding-left:px;padding-right:0px;background-position:center center;background-repeat:no-repeat;-webkit-background-size:cover;-moz-background-size:cover;-o-background-size:cover;background-size:cover;-ms-filter: &quot;progid:DXImageTransform.Microsoft.AlphaImageLoader(src=&#039;https:\/\/praxis-krippendorf.de\/wp-content\/uploads\/2022\/01\/Solid-Ground-1024x656.jpeg&#039;, sizingMethod=&#039;scale&#039;)&quot;;background-image: url(https:\/\/praxis-krippendorf.de\/wp-content\/uploads\/2022\/01\/Solid-Ground-1024x656.jpeg);\"><style type=\"text\/css\" scoped=\"scoped\">.fusion-fullwidth-1 {\n                            padding-left: px !important;\n                            padding-right: 0px !important;\n                        }<\/style><div class=\"fusion-row\"><div class=\"fusion-one-full fusion-layout-column fusion-column-last fusion-spacing-no\" style=\"margin-top:0px;margin-bottom:0px;\"><div class=\"fusion-column-wrapper\"><div style=\"background: #dbdbdb; padding: 10px 120px; opacity: 0.75;\">\n<h2>Yoga Flow<\/h2>\n<\/div>\n<div class=\"fusion-clearfix\"><\/div><\/div><\/div><div class=\"fusion-clearfix\"><\/div><\/div><\/div><div class=\"fusion-fullwidth fullwidth-box fusion-fullwidth-2  fusion-parallax-none hundred-percent-fullwidth\" style=\"border-color:#eae9e9;border-bottom-width: 0px;border-top-width: 0px;border-bottom-style: solid;border-top-style: solid;padding-bottom:0px;padding-top:3px;padding-left:0px;padding-right:0px;background-color:#dc7a7a;\"><style type=\"text\/css\" scoped=\"scoped\">.fusion-fullwidth-2 {\n                            padding-left: 0px !important;\n                            padding-right: 0px !important;\n                        }<\/style><div class=\"fusion-row\"><\/div><\/div><div class=\"fusion-fullwidth fullwidth-box fusion-fullwidth-3  fusion-parallax-none hundred-percent-fullwidth fusion-nonzero-padding fusion-equal-height-columns\" style=\"border-color:#eae9e9;border-bottom-width: 0px;border-top-width: 0px;border-bottom-style: solid;border-top-style: solid;padding-bottom:35px;padding-top:60px;padding-left:120px;padding-right:px;background-color:#ffffff;\"><style type=\"text\/css\" scoped=\"scoped\">.fusion-fullwidth-3 {\n                            padding-left: 120px !important;\n                            padding-right: px !important;\n                        }<\/style><div class=\"fusion-row\"><div class=\"fusion-three-fifth fusion-layout-column fusion-spacing-no\" style=\"margin-top:0px;margin-bottom:0px;\"><div class=\"fusion-column-wrapper\" style=\"background-color:#ffffff;padding:0px 40px;\"><p>In diesem Kurs erf\u00e4hrst du die Wirkungen des Yoga auf verschiedenen Ebenen. Du bewegst deinen K\u00f6rper, st\u00e4rkst Kraft, Gleichgewicht und Beweglichkeit. \u00dcber einen achtsamen Atemfluss (Pranayama) entspannst du auch mental und emotional.<\/p>\n<p>Du \u00fcbst dich darin, die tiefere Verbindung zu dir selbst zu halten, um deinem Leben offener begegnen zu k\u00f6nnen. Jede Stunde wird durch ein Thema getragen, so dass sich deine Yogapraxis in dir verankern kann.<\/p>\n<p>Hast du evtl. k\u00f6rperliche Einschr\u00e4nkungen oder Beschwerden, so wird auf dich in den Yogastunden individuell eingegangen.<\/p>\n<p>\u201eYoga Flow\u201c ist ein Kurs, der dich als Yogabeginner pr\u00e4zise ins Yoga einf\u00fchrt bzw. dich als erfahrenen Yogi tiefgr\u00fcndiger in der Praxis ausrichtet.<\/p>\n<div class=\"fusion-clearfix\"><\/div><\/div><\/div><div class=\"fusion-two-fifth fusion-layout-column fusion-column-last fusion-spacing-no\" style=\"margin-top:0px;margin-bottom:0px;\"><div class=\"fusion-column-wrapper\" style=\"padding:0px 80px;\"><p style=\"font-size: 16px;\">Kurstermine:<\/p>\n<ul>\n<li>10 Termine \u00e0 75 Minuten<\/li>\n<li>donnerstags, 18.45-20.00 Uhr<\/li>\n<li>aktuelle Termine und Anmeldung siehe unten<u><\/u><\/li>\n<\/ul>\n<p style=\"font-size: 16px;\">Kosten:<\/p>\n<ul>\n<li>160,00 \u20ac<\/li>\n<li>zertifizierter Gesundheitskurs nach \u00a720 SGB V, die gesetzlichen Krankenkassen erstatten bis 100% der Kosten zweimal im Kalenderjahr, bitte bei der Krankenkasse die genaue Kosten\u00fcbernahme erfragen<\/li>\n<\/ul>\n<p style=\"font-size: 16px;\">Ort:<\/p>\n<ul>\n<li>Hebammenpraxis RundUm<br \/>\nHauptmarkt 23<br \/>\n57076 Siegen<\/li>\n<li>Matten und Props (Bl\u00f6cke, Decken, Gurte) sind vorhanden<\/li>\n<\/ul>\n<div class=\"fusion-clearfix\"><\/div><\/div><\/div><div class=\"fusion-clearfix\"><\/div><\/div><\/div><div class=\"fusion-fullwidth fullwidth-box fusion-fullwidth-4  fusion-parallax-none hundred-percent-fullwidth fusion-nonzero-padding fusion-equal-height-columns\" style=\"border-color:#eae9e9;border-bottom-width: 0px;border-top-width: 0px;border-bottom-style: solid;border-top-style: solid;padding-bottom:35px;padding-top:35px;padding-left:120px;padding-right:px;background-color:#ffffff;\"><style type=\"text\/css\" scoped=\"scoped\">.fusion-fullwidth-4 {\n                            padding-left: 120px !important;\n                            padding-right: px !important;\n                        }<\/style><div class=\"fusion-row\"><div class=\"fusion-two-third fusion-layout-column fusion-column-last fusion-spacing-no\" style=\"margin-top:0px;margin-bottom:0px;\"><div class=\"fusion-column-wrapper\" style=\"background-color:#ffffff;padding:0px 40px;\"><h3><strong>Anmeldung zu den Kursen in der Hebammenpraxis RundUm<\/strong><\/h3>\n<p><iframe loading=\"lazy\" id=\"6418a9a2afdd4924673931a7\" class=\"yolawo-widget\" src=\"https:\/\/widgets.yolawo.de\/w\/6418a9a2afdd4924673931a7\" width=\"100%\" height=\"150\" frameborder=\"0\" scrolling=\"no\" data-offset-x=\"50\"><\/iframe><script type=\"text\/javascript\" src=\"https:\/\/widgets.yolawo.de\/assets\/script.js\"><\/script><\/p>\n<div class=\"fusion-clearfix\"><\/div><\/div><\/div><div class=\"fusion-clearfix\"><\/div><\/div><\/div>\n","protected":false},"excerpt":{"rendered":"","protected":false},"author":1,"featured_media":0,"parent":0,"menu_order":0,"comment_status":"closed","ping_status":"closed","template":"100-width.php","meta":[],"_links":{"self":[{"href":"https:\/\/praxis-krippendorf.de\/index.php?rest_route=\/wp\/v2\/pages\/13218"}],"collection":[{"href":"https:\/\/praxis-krippendorf.de\/index.php?rest_route=\/wp\/v2\/pages"}],"about":[{"href":"https:\/\/praxis-krippendorf.de\/index.php?rest_route=\/wp\/v2\/types\/page"}],"author":[{"embeddable":true,"href":"https:\/\/praxis-krippendorf.de\/index.php?rest_route=\/wp\/v2\/users\/1"}],"replies":[{"embeddable":true,"href":"https:\/\/praxis-krippendorf.de\/index.php?rest_route=%2Fwp%2Fv2%2Fcomments&post=13218"}],"version-history":[{"count":14,"href":"https:\/\/praxis-krippendorf.de\/index.php?rest_route=\/wp\/v2\/pages\/13218\/revisions"}],"predecessor-version":[{"id":13354,"href":"https:\/\/praxis-krippendorf.de\/index.php?rest_route=\/wp\/v2\/pages\/13218\/revisions\/13354"}],"wp:attachment":[{"href":"https:\/\/praxis-krippendorf.de\/index.php?rest_route=%2Fwp%2Fv2%2Fmedia&parent=13218"}],"curies":[{"name":"wp","href":"https:\/\/api.w.org\/{rel}","templated":true}]}}