{"id":13198,"date":"2023-03-22T21:27:42","date_gmt":"2023-03-22T21:27:42","guid":{"rendered":"https:\/\/praxis-krippendorf.de\/?page_id=13198"},"modified":"2025-11-07T10:25:54","modified_gmt":"2025-11-07T10:25:54","slug":"yoga-in-der-schwangerschaft","status":"publish","type":"page","link":"https:\/\/praxis-krippendorf.de\/?page_id=13198","title":{"rendered":"Yoga in der Schwangerschaft"},"content":{"rendered":"<div class=\"fusion-fullwidth fullwidth-box fusion-fullwidth-1  fusion-parallax-none hundred-percent-fullwidth\" style=\"border-color:#eae9e9;border-bottom-width: 0px;border-top-width: 0px;border-bottom-style: solid;border-top-style: solid;padding-bottom:0px;padding-top:180px;padding-left:px;padding-right:0px;background-position:center center;background-repeat:no-repeat;-webkit-background-size:cover;-moz-background-size:cover;-o-background-size:cover;background-size:cover;-ms-filter: &quot;progid:DXImageTransform.Microsoft.AlphaImageLoader(src=&#039;https:\/\/praxis-krippendorf.de\/wp-content\/uploads\/2015\/03\/AdobeStock_108128281-1024x683.jpeg&#039;, sizingMethod=&#039;scale&#039;)&quot;;background-image: url(https:\/\/praxis-krippendorf.de\/wp-content\/uploads\/2015\/03\/AdobeStock_108128281-1024x683.jpeg);\"><style type=\"text\/css\" scoped=\"scoped\">.fusion-fullwidth-1 {\n                            padding-left: px !important;\n                            padding-right: 0px !important;\n                        }<\/style><div class=\"fusion-row\"><div class=\"fusion-one-full fusion-layout-column fusion-column-last fusion-spacing-no\" style=\"margin-top:0px;margin-bottom:0px;\"><div class=\"fusion-column-wrapper\"><div style=\"background: #dbdbdb; padding: 10px 120px; opacity: 0.75;\">\n<h2>Yoga in der Schwangerschaft<\/h2>\n<\/div>\n<div class=\"fusion-clearfix\"><\/div><\/div><\/div><div class=\"fusion-clearfix\"><\/div><\/div><\/div><div class=\"fusion-fullwidth fullwidth-box fusion-fullwidth-2  fusion-parallax-none hundred-percent-fullwidth\" style=\"border-color:#eae9e9;border-bottom-width: 0px;border-top-width: 0px;border-bottom-style: solid;border-top-style: solid;padding-bottom:0px;padding-top:3px;padding-left:0px;padding-right:0px;background-color:#dc7a7a;\"><style type=\"text\/css\" scoped=\"scoped\">.fusion-fullwidth-2 {\n                            padding-left: 0px !important;\n                            padding-right: 0px !important;\n                        }<\/style><div class=\"fusion-row\"><\/div><\/div><div class=\"fusion-fullwidth fullwidth-box fusion-fullwidth-3  fusion-parallax-none hundred-percent-fullwidth fusion-nonzero-padding fusion-equal-height-columns\" style=\"border-color:#eae9e9;border-bottom-width: 0px;border-top-width: 0px;border-bottom-style: solid;border-top-style: solid;padding-bottom:65px;padding-top:60px;padding-left:120px;padding-right:px;background-color:#ffffff;\"><style type=\"text\/css\" scoped=\"scoped\">.fusion-fullwidth-3 {\n                            padding-left: 120px !important;\n                            padding-right: px !important;\n                        }<\/style><div class=\"fusion-row\"><div class=\"fusion-three-fifth fusion-layout-column fusion-spacing-no\" style=\"margin-top:0px;margin-bottom:0px;\"><div class=\"fusion-column-wrapper\" style=\"background-color:#ffffff;padding:0px 40px;\"><p>Yoga in der Schwangerschaft begleitet dich und dein Ungeborenes unterst\u00fctzend und geburtsvorbereitend durch die Schwangerschaft.<\/p>\n<p>Dieser Kurs erm\u00f6glicht dir ein tiefes Einf\u00fchlen in deine Schwangerschaft und st\u00e4rkt die Bindung zu deinem Baby. Die \u00dcbungen des Yoga verbessern deine Kraft, Ausdauer und Beweglichkeit. Schwangerschaftsbeschwerden und k\u00f6rperliche Dysbalancen k\u00f6nnen vermindert werden. \u00dcber den tiefen Atem und gef\u00fchrte Meditationen wirst du zentrierter und fokussierter auf Wesentliches. Du erlernst die Parallelen von Yoga und Geburt, so dass du Elemente dieser Yogapraxis auch w\u00e4hrend der Geburt f\u00fcr euch nutzen kannst.<\/p>\n<ul>\n<li>Level: Anf\u00e4ngerinnen bis Fortgeschrittene<\/li>\n<li>Teilnahme ab der 12. Schwangerschaftswoche bis zur Geburt<\/li>\n<\/ul>\n<div class=\"fusion-testimonials classic fusion-testimonials-1\" data-random=\"0\"><style type='text\/css' scoped='scoped'>\n\t\t#fusion-testimonials-1 a{border-color: #595f6b;}#fusion-testimonials-1 a:hover, #fusion-testimonials-1 .activeSlide{background-color: #595f6b;}\n\t\t.fusion-testimonials.classic.fusion-testimonials-1 .author:after{border-top-color:#f7eaea !important;}<\/style><div class=\"reviews\"><div class=\"review no-avatar\"><blockquote><q style=\"background-color:#f7eaea;color:#595f6b;\">\n<h3>Beispielvideo<\/h3>\n<p>F\u00fcr einen Einblick in den Kurs &#8222;Yoga in der Schwangerschaft&#8220; kannst du <a href=\"\/?page_id=12918\"><u>hier<\/u><\/a> ein Video anschauen und direkt mitpraktizieren.<\/p>\n<\/q><\/blockquote><\/div><\/div><\/div><div class=\"fusion-clearfix\"><\/div><\/div><\/div><div class=\"fusion-two-fifth fusion-layout-column fusion-column-last fusion-spacing-no\" style=\"margin-top:0px;margin-bottom:0px;\"><div class=\"fusion-column-wrapper\" style=\"padding:0px 80px;\"><p style=\"font-size: 16px;\">Kurstermine:<\/p>\n<ul>\n<li>jeweils 8 Termine \u00e0 90 Minuten<\/li>\n<li>montags, 9.00-10.30 Uhr<\/li>\n<li>donnerstags, 17.00-18.30 Uhr<\/li>\n<li>aktuelle Termine und Anmeldung siehe unten<u><\/u><\/li>\n<\/ul>\n<p style=\"font-size: 16px;\">Kosten:<\/p>\n<ul>\n<li>144,00 Euro<\/li>\n<li>zertifizierter Gesundheitskurs nach \u00a720 SGB V, die gesetzlichen Krankenkassen erstatten bis 100% der Kosten zweimal im Kalenderjahr, bitte bei der Krankenkasse die genaue Kosten\u00fcbernahme erfragen<\/li>\n<\/ul>\n<p style=\"font-size: 16px;\">Ort:<\/p>\n<ul>\n<li>Hebammenpraxis RundUm<br \/>\nHauptmarkt 23<br \/>\n57076 Siegen<\/li>\n<li>Matten und Props (Bl\u00f6cke, Decken, Gurte) sind vorhanden<\/li>\n<\/ul>\n<div class=\"fusion-clearfix\"><\/div><\/div><\/div><div class=\"fusion-clearfix\"><\/div><\/div><\/div><div class=\"fusion-fullwidth fullwidth-box fusion-fullwidth-4  fusion-parallax-none hundred-percent-fullwidth fusion-nonzero-padding fusion-equal-height-columns\" style=\"border-color:#eae9e9;border-bottom-width: 0px;border-top-width: 0px;border-bottom-style: solid;border-top-style: solid;padding-bottom:35px;padding-top:0px;padding-left:120px;padding-right:px;background-color:#ffffff;\"><style type=\"text\/css\" scoped=\"scoped\">.fusion-fullwidth-4 {\n                            padding-left: 120px !important;\n                            padding-right: px !important;\n                        }<\/style><div class=\"fusion-row\"><div class=\"fusion-two-third fusion-layout-column fusion-column-last fusion-spacing-no\" style=\"margin-top:0px;margin-bottom:0px;\"><div class=\"fusion-column-wrapper\" style=\"background-color:#ffffff;padding:0px 40px;\"><h3><strong>Anmeldung zu den Kursen in der Hebammenpraxis RundUm<br \/>\n<\/strong><\/h3>\n<p><iframe loading=\"lazy\" id=\"6418a830afdd4924673931a3\" class=\"yolawo-widget\" src=\"https:\/\/widgets.yolawo.de\/w\/6418a830afdd4924673931a3\" width=\"100%\" height=\"150\" frameborder=\"0\" scrolling=\"no\" data-offset-x=\"50\"><\/iframe><script type=\"text\/javascript\" src=\"https:\/\/widgets.yolawo.de\/assets\/script.js\"><\/script><\/p>\n<div class=\"fusion-clearfix\"><\/div><\/div><\/div><div class=\"fusion-clearfix\"><\/div><\/div><\/div>\n","protected":false},"excerpt":{"rendered":"","protected":false},"author":1,"featured_media":0,"parent":0,"menu_order":0,"comment_status":"closed","ping_status":"closed","template":"100-width.php","meta":[],"_links":{"self":[{"href":"https:\/\/praxis-krippendorf.de\/index.php?rest_route=\/wp\/v2\/pages\/13198"}],"collection":[{"href":"https:\/\/praxis-krippendorf.de\/index.php?rest_route=\/wp\/v2\/pages"}],"about":[{"href":"https:\/\/praxis-krippendorf.de\/index.php?rest_route=\/wp\/v2\/types\/page"}],"author":[{"embeddable":true,"href":"https:\/\/praxis-krippendorf.de\/index.php?rest_route=\/wp\/v2\/users\/1"}],"replies":[{"embeddable":true,"href":"https:\/\/praxis-krippendorf.de\/index.php?rest_route=%2Fwp%2Fv2%2Fcomments&post=13198"}],"version-history":[{"count":38,"href":"https:\/\/praxis-krippendorf.de\/index.php?rest_route=\/wp\/v2\/pages\/13198\/revisions"}],"predecessor-version":[{"id":13492,"href":"https:\/\/praxis-krippendorf.de\/index.php?rest_route=\/wp\/v2\/pages\/13198\/revisions\/13492"}],"wp:attachment":[{"href":"https:\/\/praxis-krippendorf.de\/index.php?rest_route=%2Fwp%2Fv2%2Fmedia&parent=13198"}],"curies":[{"name":"wp","href":"https:\/\/api.w.org\/{rel}","templated":true}]}}