{"id":13133,"date":"2022-12-03T21:26:12","date_gmt":"2022-12-03T21:26:12","guid":{"rendered":"http:\/\/praxis-krippendorf.de\/?page_id=13133"},"modified":"2024-11-09T22:17:34","modified_gmt":"2024-11-09T22:17:34","slug":"einzel-und-privatklassen","status":"publish","type":"page","link":"https:\/\/praxis-krippendorf.de\/?page_id=13133","title":{"rendered":"Einzel- und Privatklassen"},"content":{"rendered":"<div class=\"fusion-fullwidth fullwidth-box fusion-fullwidth-1  fusion-parallax-none hundred-percent-fullwidth\" style=\"border-color:#eae9e9;border-bottom-width: 0px;border-top-width: 0px;border-bottom-style: solid;border-top-style: solid;padding-bottom:0px;padding-top:180px;padding-left:0px;padding-right:0px;background-position:center bottom;background-repeat:no-repeat;-webkit-background-size:cover;-moz-background-size:cover;-o-background-size:cover;background-size:cover;-ms-filter: &quot;progid:DXImageTransform.Microsoft.AlphaImageLoader(src=&#039;https:\/\/praxis-krippendorf.de\/wp-content\/uploads\/2017\/03\/AdobeStock_238214836-yoa-ausschnitt-3-990x1024.jpeg&#039;, sizingMethod=&#039;scale&#039;)&quot;;background-image: url(https:\/\/praxis-krippendorf.de\/wp-content\/uploads\/2017\/03\/AdobeStock_238214836-yoa-ausschnitt-3-990x1024.jpeg);\"><style type=\"text\/css\" scoped=\"scoped\">.fusion-fullwidth-1 {\n                            padding-left: 0px !important;\n                            padding-right: 0px !important;\n                        }<\/style><div class=\"fusion-row\"><div class=\"fusion-one-full fusion-layout-column fusion-column-last fusion-spacing-yes\" style=\"margin-top:0px;margin-bottom:0px;\"><div class=\"fusion-column-wrapper\"><div style=\"background: #dbdbdb; padding: 10px 120px; opacity: 0.75;\">\n<h2>Einzel- und Privatklassen<\/h2>\n<\/div>\n<div class=\"fusion-clearfix\"><\/div><\/div><\/div><div class=\"fusion-clearfix\"><\/div><\/div><\/div><div class=\"fusion-fullwidth fullwidth-box fusion-fullwidth-2  fusion-parallax-none nonhundred-percent-fullwidth\" style=\"border-color:#eae9e9;border-bottom-width: 0px;border-top-width: 0px;border-bottom-style: solid;border-top-style: solid;padding-bottom:0px;padding-top:3px;padding-left:0px;padding-right:0px;background-color:#c7ebcb;\"><style type=\"text\/css\" scoped=\"scoped\">.fusion-fullwidth-2 {\n                            padding-left: 0px !important;\n                            padding-right: 0px !important;\n                        }<\/style><div class=\"fusion-row\"><\/div><\/div><div class=\"fusion-fullwidth fullwidth-box fusion-fullwidth-3  fusion-parallax-none nonhundred-percent-fullwidth\" style=\"border-color:#eae9e9;border-bottom-width: 0px;border-top-width: 0px;border-bottom-style: solid;border-top-style: solid;padding-bottom:60px;padding-top:60px;padding-left:0px;padding-right:0px;\"><style type=\"text\/css\" scoped=\"scoped\">.fusion-fullwidth-3 {\n                            padding-left: 0px !important;\n                            padding-right: 0px !important;\n                        }<\/style><div class=\"fusion-row\"><div class=\"fusion-one-full fusion-layout-column fusion-column-last fusion-spacing-no\" style=\"margin-top:0px;margin-bottom:0px;\"><div class=\"fusion-column-wrapper\" style=\"padding:0px 120px;\"><h3>Individueller Yogaunterricht f\u00fcr Wachstum und Entfaltung<\/h3>\n<p>Neben meinen regelm\u00e4\u00dfigen Yogaklassen biete ich dir die M\u00f6glichkeit, in Einzel-Yogastunden tiefer in dein Yoga einzutauchen.<\/p>\n<p>Die Einzelstunden sind f\u00fcr dich wertvoll, wenn du\u2026<\/p>\n<ul>\n<li>Yoga oder den Stil des Anusara\u00ae Yoga kennenlernen m\u00f6chtest<\/li>\n<li>schon l\u00e4nger Yoga praktizierst und dich auf ein neues Level bringen m\u00f6chtest<\/li>\n<li>mein geschultes Auge f\u00fcr individuelle Ausrichtung in den Asanas als Impuls f\u00fcr deine Weiterentwicklung nutzen m\u00f6chtest<\/li>\n<li>mit therapeutischem Yoga deinen K\u00f6rper und dein Inneres zur\u00fcck zu Gesundheit f\u00fchren m\u00f6chtest<\/li>\n<li>\u00fcber achtsam gef\u00fchrte \u201eHands on\u201c in neue R\u00e4ume deiner Yogapraxis wachsen m\u00f6chtest<\/li>\n<li>ein konkretes Anliegen hast oder auf ein bestimmtes Ziel in deiner Yogapraxis hinarbeiten m\u00f6chtest<\/li>\n<\/ul>\n<h3>Privatstunden betonen deine Selbstwirksamkeit \u2013 liebevolle Zuwendung von dir zu dir selbst<\/h3>\n<ul>\n<li>Du kannst die Privatstunden erg\u00e4nzend zum Unterricht in den Yogaklassen nutzen, so dass du die Impulse aus dem Einzelunterricht f\u00fcr dich in den Yogaklassen weiter \u00fcben und verankern kannst.<\/li>\n<li>Du kannst auch ausschlie\u00dflich regelm\u00e4\u00dfige Privatstunden buchen, um deine Yogapraxis zu Hause zu vertiefen. In einem Austausch mit dir w\u00e4hrend der Einzelstunde k\u00f6nnen wir individuell auf deine Anliegen eingehen, so dass du deine vollen M\u00f6glichkeiten hervorbringen kannst.<\/li>\n<\/ul>\n<h3>Yoga ist eine Disziplin. Yoga\u00fcbende lernen und ben\u00f6tigen eine Best\u00e4ndigkeit in ihrer Praxis.<\/h3>\n<h3>Erst dann kann sich die Wirkung des Yoga vertiefen und auf allen Ebenen des eigenen Seins entfalten.<\/h3>\n<ul>\n<li>Die Privatstunde enth\u00e4lt zu Beginn ein kurzes Gespr\u00e4ch zur Kl\u00e4rung deines Anliegens, eine 50-min\u00fctige Praxis und abschlie\u00dfend Zeit f\u00fcr das Besprechen von z.B. \u00dcbungen f\u00fcr zu Hause.<\/li>\n<li>In der Yogastunde praktizierst du auf deiner Matte, w\u00e4hrend ich dich anleite und gezielt deine Bed\u00fcrfnisse ber\u00fccksichtige.<\/li>\n<li>Auf Wunsch erh\u00e4ltst du von mir Videos, die ich individuell f\u00fcr dich erstelle, so dass du zwischen den Privatstunden auch mit meiner Begleitung Yoga weiter \u00fcben kannst.<\/li>\n<\/ul>\n<h3>Ablauf und Rahmenbedingungen<\/h3>\n<ul>\n<li>Ort: In Pr\u00e4senz in meinen Praxisr\u00e4umen oder online \u00fcber Zoom<\/li>\n<li>Dauer: 50 Minuten<\/li>\n<li>F\u00fcr die Stunde in Pr\u00e4senz sind Yogamatte, Bl\u00f6cke, Decke und Gurt vorhanden. Du kannst dir nat\u00fcrlich auch deine eigene Matte bzw. Equipment mitbringen. F\u00fcr zu Hause ben\u00f6tigst du dieses Equipment selbst.<\/li>\n<li>Kosten: Du kannst einmalig eine Einzelstunde zum Preis von 90 Euro buchen. Meine angebotenen Paketpreise erm\u00f6glichen dir, dass wir Zeit und Raum haben, deinem Anliegen nachhaltig gerecht zu werden. Paket 1 bietet dir 3 Yogastunden \u00e0 50 Minuten f\u00fcr 255 Euro. Paket 2 beinhaltet 6 Yogastunden \u00e0 50 Minuten f\u00fcr 490 Euro. Die Termine und deren Rhythmus richten sich nach deinem Anliegen.<\/li>\n<li>F\u00fcr die Buchung kontaktiere mich \u00fcber 0157 572 59 882 oder \u00fcber praxiskrippendorf@gmx.de.<\/li>\n<\/ul>\n<p>Bitte beachte die AGB und unterzeichne vor Stundenbeginn die Vereinbarungen. Den Vertrag kannst du <a href=\"https:\/\/praxis-krippendorf.de\/wp-content\/uploads\/2024\/11\/Privatklasse-Vereinbarungen.pdf\" target=\"_blank\" rel=\"noopener\"><u>hier als PDF-Datei einsehen<\/u><\/a>.<\/p>\n<div class=\"fusion-clearfix\"><\/div><\/div><\/div><div class=\"fusion-clearfix\"><\/div><\/div><\/div>\n","protected":false},"excerpt":{"rendered":"","protected":false},"author":1,"featured_media":0,"parent":0,"menu_order":0,"comment_status":"closed","ping_status":"closed","template":"100-width.php","meta":[],"_links":{"self":[{"href":"https:\/\/praxis-krippendorf.de\/index.php?rest_route=\/wp\/v2\/pages\/13133"}],"collection":[{"href":"https:\/\/praxis-krippendorf.de\/index.php?rest_route=\/wp\/v2\/pages"}],"about":[{"href":"https:\/\/praxis-krippendorf.de\/index.php?rest_route=\/wp\/v2\/types\/page"}],"author":[{"embeddable":true,"href":"https:\/\/praxis-krippendorf.de\/index.php?rest_route=\/wp\/v2\/users\/1"}],"replies":[{"embeddable":true,"href":"https:\/\/praxis-krippendorf.de\/index.php?rest_route=%2Fwp%2Fv2%2Fcomments&post=13133"}],"version-history":[{"count":17,"href":"https:\/\/praxis-krippendorf.de\/index.php?rest_route=\/wp\/v2\/pages\/13133\/revisions"}],"predecessor-version":[{"id":13444,"href":"https:\/\/praxis-krippendorf.de\/index.php?rest_route=\/wp\/v2\/pages\/13133\/revisions\/13444"}],"wp:attachment":[{"href":"https:\/\/praxis-krippendorf.de\/index.php?rest_route=%2Fwp%2Fv2%2Fmedia&parent=13133"}],"curies":[{"name":"wp","href":"https:\/\/api.w.org\/{rel}","templated":true}]}}