{"id":13130,"date":"2022-12-03T21:17:10","date_gmt":"2022-12-03T21:17:10","guid":{"rendered":"http:\/\/praxis-krippendorf.de\/?page_id=13130"},"modified":"2022-12-09T19:36:00","modified_gmt":"2022-12-09T19:36:00","slug":"nachbesprechung-und-integration-von-geburten","status":"publish","type":"page","link":"https:\/\/praxis-krippendorf.de\/?page_id=13130","title":{"rendered":"Nachbesprechung und Integration von Geburten"},"content":{"rendered":"<div class=\"fusion-fullwidth fullwidth-box fusion-fullwidth-1  fusion-parallax-none hundred-percent-fullwidth\" style=\"border-color:#eae9e9;border-bottom-width: 0px;border-top-width: 0px;border-bottom-style: solid;border-top-style: solid;padding-bottom:0px;padding-top:180px;padding-left:0px;padding-right:0px;background-position:left center;background-repeat:no-repeat;-webkit-background-size:cover;-moz-background-size:cover;-o-background-size:cover;background-size:cover;-ms-filter: &quot;progid:DXImageTransform.Microsoft.AlphaImageLoader(src=&#039;https:\/\/praxis-krippendorf.de\/wp-content\/uploads\/2015\/03\/AdobeStock_12548374-e1479506293223-684x1024.jpeg&#039;, sizingMethod=&#039;scale&#039;)&quot;;background-image: url(https:\/\/praxis-krippendorf.de\/wp-content\/uploads\/2015\/03\/AdobeStock_12548374-e1479506293223-684x1024.jpeg);\"><style type=\"text\/css\" scoped=\"scoped\">.fusion-fullwidth-1 {\n                            padding-left: 0px !important;\n                            padding-right: 0px !important;\n                        }<\/style><div class=\"fusion-row\"><div class=\"fusion-one-full fusion-layout-column fusion-column-last fusion-spacing-yes\" style=\"margin-top:0px;margin-bottom:0px;\"><div class=\"fusion-column-wrapper\"><div style=\"background: #dbdbdb; padding: 10px 120px; opacity: 0.75;\">\n<h2>Nachbesprechung und Integration von Geburten<\/h2>\n<\/div>\n<div class=\"fusion-clearfix\"><\/div><\/div><\/div><div class=\"fusion-clearfix\"><\/div><\/div><\/div><div class=\"fusion-fullwidth fullwidth-box fusion-fullwidth-2  fusion-parallax-none hundred-percent-fullwidth\" style=\"border-color:#eae9e9;border-bottom-width: 0px;border-top-width: 0px;border-bottom-style: solid;border-top-style: solid;padding-bottom:0px;padding-top:3px;padding-left:0px;padding-right:0px;background-color:#f98383;\"><style type=\"text\/css\" scoped=\"scoped\">.fusion-fullwidth-2 {\n                            padding-left: 0px !important;\n                            padding-right: 0px !important;\n                        }<\/style><div class=\"fusion-row\"><\/div><\/div><div class=\"fusion-fullwidth fullwidth-box fusion-fullwidth-3  fusion-parallax-none nonhundred-percent-fullwidth\" style=\"border-color:#eae9e9;border-bottom-width: 0px;border-top-width: 0px;border-bottom-style: solid;border-top-style: solid;padding-bottom:60px;padding-top:60px;padding-left:0px;padding-right:0px;\"><style type=\"text\/css\" scoped=\"scoped\">.fusion-fullwidth-3 {\n                            padding-left: 0px !important;\n                            padding-right: 0px !important;\n                        }<\/style><div class=\"fusion-row\"><div class=\"fusion-one-full fusion-layout-column fusion-column-last fusion-spacing-yes\" style=\"margin-top:0;margin-bottom:0;\"><div class=\"fusion-column-wrapper\" style=\"padding:0px 120px;\"><h3>Das Geburtserlebnis als Erfahrung verankern<\/h3>\n<p>Die Erlebnisse der Geburt nachklingen zu lassen, bereichert und schenkt mehr M\u00f6glichkeiten. Revue passieren lassen, was mit einem geschehen ist, wie man gehandelt hat, warum man bestimmte Entscheidungen getroffen hat, welche Gef\u00fchle das Handeln vielleicht bestimmt haben. Erforschen, was im Erlebnis neu war, wo man wachsen durfte und eigene Grenzen erweitert hat.<\/p>\n<h3>Aus der Erfahrung wachsen und dem Kind mit liebevoller Verantwortung begegnen<\/h3>\n<p>Sich selbst, den K\u00f6rper, die Gedanken und das innere Erleben erkunden und aus dem Erlebnis eine wirkliche Erfahrung werden lassen.<\/p>\n<h3>Raum, um deiner Grenzerfahrung Wertsch\u00e4tzung und W\u00fcrdigung zu geben<\/h3>\n<p>Gerne begleite ich dich dabei. Gemeinsam lauschen wir dem, was du berichtest und nehmen uns Zeit, nachklingen zu lassen. Aus einer anderen Perspektive, als die deiner, stelle ich dir tiefergreifende Fragen, die dich noch n\u00e4her mit dir selbst in Verbindung und schlie\u00dflich mit deiner erlebten Geburt in Kontakt bringen.<\/p>\n<h3>Integration von unangenehm \u00fcberw\u00e4ltigenden Geburten<\/h3>\n<p>Wenn eine Geburt als unangenehm, stressend oder traumatisierend erlebt wurde, braucht es eine Verarbeitung dieser \u00fcberfordernden Erlebnisse, um den K\u00f6rper und sein Nervensystem zur\u00fcck in eine gesunde Regulation zu begleiten. Entscheidend dabei ist, wie die Geburt von der Schwangeren und ihrem Baby erlebt wurde. Es ist nicht die Untersuchung oder ein Eingriff an sich, es ist, wie die Geb\u00e4rende und ihr Kind damit umgehen konnten. Ob es zu einem inneren Stress gef\u00fchrt hat, beispielsweise mit Abwehr- oder Fluchtimpulsen oder mit Hilflosigkeit und einem Gef\u00fchl der Ohnmacht.<\/p>\n<h3>Anzeichen f\u00fcr Stress und Dysregulation des K\u00f6rpers durch eine Geburt<\/h3>\n<ul>\n<li>&#8230; irgendwie kannst du nicht so richtig im Alltag mit Baby ankommen.<\/li>\n<li>&#8230; deine Stimmung hat sich ver\u00e4ndert, du bist reizbar, \u00e4ngstlich oder traurig, f\u00fchlst dich wie leer.<\/li>\n<li>&#8230; k\u00f6rperliche Symptome tauchen auf: R\u00fcckenschmerzen, Verdauungsbeschwerden, M\u00fcdigkeit, Konzentrationsst\u00f6rungen.<\/li>\n<li>&#8230; du w\u00fcnschst dir mehr Verbindung zu deinem Kind, aber irgendetwas steht wie zwischen euch?<\/li>\n<\/ul>\n<p>In einem therapeutischen Gespr\u00e4ch unterst\u00fctze ich dich, deine Erlebnisse zu sortieren und zur\u00fcck in die Orientierung zu finden, so dass sich der bisher angehaltene Stress durch die Geburt in deinem K\u00f6rper regulieren kann.<\/p>\n<p>Ich biete die Nachbesprechungen sowohl vor Ort in der Praxis, als auch online \u00fcber Zoom an.<\/br>Anfragen \u00fcber 0157 572 59 882 oder praxiskrippendorf@gmx.de.<\/p>\n<div class=\"fusion-clearfix\"><\/div><\/div><\/div><div class=\"fusion-clearfix\"><\/div><\/div><\/div>\n","protected":false},"excerpt":{"rendered":"","protected":false},"author":1,"featured_media":0,"parent":0,"menu_order":0,"comment_status":"closed","ping_status":"closed","template":"100-width.php","meta":[],"_links":{"self":[{"href":"https:\/\/praxis-krippendorf.de\/index.php?rest_route=\/wp\/v2\/pages\/13130"}],"collection":[{"href":"https:\/\/praxis-krippendorf.de\/index.php?rest_route=\/wp\/v2\/pages"}],"about":[{"href":"https:\/\/praxis-krippendorf.de\/index.php?rest_route=\/wp\/v2\/types\/page"}],"author":[{"embeddable":true,"href":"https:\/\/praxis-krippendorf.de\/index.php?rest_route=\/wp\/v2\/users\/1"}],"replies":[{"embeddable":true,"href":"https:\/\/praxis-krippendorf.de\/index.php?rest_route=%2Fwp%2Fv2%2Fcomments&post=13130"}],"version-history":[{"count":5,"href":"https:\/\/praxis-krippendorf.de\/index.php?rest_route=\/wp\/v2\/pages\/13130\/revisions"}],"predecessor-version":[{"id":13155,"href":"https:\/\/praxis-krippendorf.de\/index.php?rest_route=\/wp\/v2\/pages\/13130\/revisions\/13155"}],"wp:attachment":[{"href":"https:\/\/praxis-krippendorf.de\/index.php?rest_route=%2Fwp%2Fv2%2Fmedia&parent=13130"}],"curies":[{"name":"wp","href":"https:\/\/api.w.org\/{rel}","templated":true}]}}