{"id":12918,"date":"2021-11-18T18:45:37","date_gmt":"2021-11-18T18:45:37","guid":{"rendered":"http:\/\/praxis-krippendorf.de\/?page_id=12918"},"modified":"2021-11-20T20:05:58","modified_gmt":"2021-11-20T20:05:58","slug":"video-yoga-in-der-schwangerschaft","status":"publish","type":"page","link":"https:\/\/praxis-krippendorf.de\/?page_id=12918","title":{"rendered":"Video Yoga in der Schwangerschaft"},"content":{"rendered":"<div class=\"fusion-fullwidth fullwidth-box fusion-fullwidth-1  fusion-parallax-none hundred-percent-fullwidth\" style=\"border-color:#eae9e9;border-bottom-width: 0px;border-top-width: 0px;border-bottom-style: solid;border-top-style: solid;padding-bottom:0px;padding-top:180px;padding-left:px;padding-right:0px;background-position:center bottom;background-repeat:no-repeat;-webkit-background-size:cover;-moz-background-size:cover;-o-background-size:cover;background-size:cover;-ms-filter: &quot;progid:DXImageTransform.Microsoft.AlphaImageLoader(src=&#039;https:\/\/praxis-krippendorf.de\/wp-content\/uploads\/2015\/03\/AdobeStock_391052377-yogakurse-neu-2-1024x535.jpeg&#039;, sizingMethod=&#039;scale&#039;)&quot;;background-image: url(https:\/\/praxis-krippendorf.de\/wp-content\/uploads\/2015\/03\/AdobeStock_391052377-yogakurse-neu-2-1024x535.jpeg);\"><style type=\"text\/css\" scoped=\"scoped\">.fusion-fullwidth-1 {\n                            padding-left: px !important;\n                            padding-right: 0px !important;\n                        }<\/style><div class=\"fusion-row\"><div class=\"fusion-one-full fusion-layout-column fusion-column-last fusion-spacing-no\" style=\"margin-top:0px;margin-bottom:0px;\"><div class=\"fusion-column-wrapper\"><div style=\"background: #dbdbdb; padding: 10px 120px; opacity: 0.75;\">\n<h2>Yoga in der Schwangerschaft in der Hebammenpraxis RundUm<\/h2>\n<\/div>\n<div class=\"fusion-clearfix\"><\/div><\/div><\/div><div class=\"fusion-clearfix\"><\/div><\/div><\/div><div class=\"fusion-fullwidth fullwidth-box fusion-fullwidth-2  fusion-parallax-none hundred-percent-fullwidth\" style=\"border-color:#eae9e9;border-bottom-width: 0px;border-top-width: 0px;border-bottom-style: solid;border-top-style: solid;padding-bottom:0px;padding-top:3px;padding-left:0px;padding-right:0px;background-color:#dc7a7a;\"><style type=\"text\/css\" scoped=\"scoped\">.fusion-fullwidth-2 {\n                            padding-left: 0px !important;\n                            padding-right: 0px !important;\n                        }<\/style><div class=\"fusion-row\"><\/div><\/div><div class=\"fusion-fullwidth fullwidth-box fusion-fullwidth-3  fusion-parallax-none hundred-percent-fullwidth fusion-nonzero-padding fusion-equal-height-columns\" style=\"border-color:#eae9e9;border-bottom-width: 0px;border-top-width: 0px;border-bottom-style: solid;border-top-style: solid;padding-bottom:35px;padding-top:60px;padding-left:120px;padding-right:px;background-color:#ffffff;\"><style type=\"text\/css\" scoped=\"scoped\">.fusion-fullwidth-3 {\n                            padding-left: 120px !important;\n                            padding-right: px !important;\n                        }<\/style><div class=\"fusion-row\"><p style=\"color: #404040; font-size: 40px; line-height: 44px; font-family: 'Open Sans Condensed', sans-serif; font-weight: 300;\">&#8222;Yoga in der Schwangerschaft&#8220; &#8211; Einblick in eine Kursstunde<\/p>\n<div class=\"fusion-one-full fusion-layout-column fusion-column-last fusion-spacing-no\" style=\"margin-top:0px;margin-bottom:0px;\"><div class=\"fusion-column-wrapper\" style=\"background-color:#ffffff;padding:0px 240px 0px 0px;\"><p>Mit dieser Yogaklasse kannst du einen Einblick in den Kurs \u201eYoga in der Schwangerschaft\u201c bekommen. Die Klasse wurde w\u00e4hrend eines Live-Onlinekurses aufgenommen. Sie ist eher ruhiger und langsamer gehalten, so dass du auch als unerfahrene Yogini direkt mitpraktizieren kannst. Und auch, wenn du bereits l\u00e4nger Yoga praktizierst, n\u00e4hrt dich diese Stunde durch Kraft und Intensit\u00e4t in den Stellungen. Ein Yogablock und eine Decke sind hier unterst\u00fctzend.<\/p>\n<p><strong>Zum Inhalt der Stunde:<\/strong><\/p>\n<p>Wir \u00fcben uns im Anlehnen und Verankern, um Kraft und Unterst\u00fctzung f\u00fcr den Geburtsprozess zu erfahren und somit vertrauensvoller in den Prozess des Loslassens \u00f6ffnen k\u00f6nnen.<\/p>\n<p><iframe loading=\"lazy\" src=\"https:\/\/player.vimeo.com\/video\/647644169?h=004977c05d&#038;badge=0&#038;autopause=0&#038;player_id=0&#038;app_id=58479\" width=\"720\" height=\"405\" frameborder=\"0\" allow=\"autoplay; fullscreen; picture-in-picture\" allowfullscreen title=\"Video Yoga in der Schwangerschaft Ilka Krippendorf\"><\/iframe><\/p>\n<p><strong>Wichtiger Hinweis:<\/strong><\/p>\n<p>Bitte bleibe achtsam mit dir beim Praktizieren, l\u00f6se Stellungen evtl. fr\u00fcher auf oder pausiere z.B. im Vierf\u00fc\u00dflerstand. F\u00fcr die Ausf\u00fchrung dieser Yogastunde bleibt die Verantwortung allein bei der Praktizierenden, d.h. ich \u00fcbernehme keine Haftung bei evtl. auftretenden Beschwerden oder Schwangerschafts- und Geburtskomplikationen.<br \/>Evtl. frage bei deiner Hebamme oder bei deiner Gyn\u00e4kologIn nach, ob es Einschr\u00e4nkungen f\u00fcr eine Yogapraxis gibt und wende dich bei auftretenden Beschwerden an sie.<\/p>\n<div class=\"fusion-clearfix\"><\/div><\/div><\/div><div class=\"fusion-clearfix\"><\/div><\/div><\/div>\n","protected":false},"excerpt":{"rendered":"","protected":false},"author":1,"featured_media":0,"parent":0,"menu_order":0,"comment_status":"closed","ping_status":"closed","template":"100-width.php","meta":[],"_links":{"self":[{"href":"https:\/\/praxis-krippendorf.de\/index.php?rest_route=\/wp\/v2\/pages\/12918"}],"collection":[{"href":"https:\/\/praxis-krippendorf.de\/index.php?rest_route=\/wp\/v2\/pages"}],"about":[{"href":"https:\/\/praxis-krippendorf.de\/index.php?rest_route=\/wp\/v2\/types\/page"}],"author":[{"embeddable":true,"href":"https:\/\/praxis-krippendorf.de\/index.php?rest_route=\/wp\/v2\/users\/1"}],"replies":[{"embeddable":true,"href":"https:\/\/praxis-krippendorf.de\/index.php?rest_route=%2Fwp%2Fv2%2Fcomments&post=12918"}],"version-history":[{"count":18,"href":"https:\/\/praxis-krippendorf.de\/index.php?rest_route=\/wp\/v2\/pages\/12918\/revisions"}],"predecessor-version":[{"id":12936,"href":"https:\/\/praxis-krippendorf.de\/index.php?rest_route=\/wp\/v2\/pages\/12918\/revisions\/12936"}],"wp:attachment":[{"href":"https:\/\/praxis-krippendorf.de\/index.php?rest_route=%2Fwp%2Fv2%2Fmedia&parent=12918"}],"curies":[{"name":"wp","href":"https:\/\/api.w.org\/{rel}","templated":true}]}}