{"id":12635,"date":"2019-02-09T22:11:19","date_gmt":"2019-02-09T22:11:19","guid":{"rendered":"http:\/\/praxis-krippendorf.de\/?page_id=12635"},"modified":"2025-07-23T15:25:40","modified_gmt":"2025-07-23T15:25:40","slug":"impressum","status":"publish","type":"page","link":"https:\/\/praxis-krippendorf.de\/?page_id=12635","title":{"rendered":"Impressum"},"content":{"rendered":"<div class=\"fusion-fullwidth fullwidth-box fusion-fullwidth-1  fusion-parallax-none hundred-percent-fullwidth\" style=\"border-color:#eae9e9;border-bottom-width: 0px;border-top-width: 0px;border-bottom-style: solid;border-top-style: solid;padding-bottom:0px;padding-top:180px;padding-left:0px;padding-right:0px;background-position:right center;background-repeat:no-repeat;-webkit-background-size:cover;-moz-background-size:cover;-o-background-size:cover;background-size:cover;-ms-filter: &quot;progid:DXImageTransform.Microsoft.AlphaImageLoader(src=&#039;https:\/\/praxis-krippendorf.de\/wp-content\/uploads\/2019\/02\/AdobeStock_165815850-impressum-1024x341.jpeg&#039;, sizingMethod=&#039;scale&#039;)&quot;;background-image: url(https:\/\/praxis-krippendorf.de\/wp-content\/uploads\/2019\/02\/AdobeStock_165815850-impressum-1024x341.jpeg);\"><style type=\"text\/css\" scoped=\"scoped\">.fusion-fullwidth-1 {\n                            padding-left: 0px !important;\n                            padding-right: 0px !important;\n                        }<\/style><div class=\"fusion-row\"><div class=\"fusion-one-full fusion-layout-column fusion-column-last fusion-spacing-yes\" style=\"margin-top:0px;margin-bottom:0px;\"><div class=\"fusion-column-wrapper\"><div style=\"background: #dbdbdb; padding: 10px 120px; opacity: 0.75;\">\n<h2>Impressum<\/h2>\n<\/div>\n<div class=\"fusion-clearfix\"><\/div><\/div><\/div><div class=\"fusion-clearfix\"><\/div><\/div><\/div><div class=\"fusion-fullwidth fullwidth-box fusion-fullwidth-2  fusion-parallax-none nonhundred-percent-fullwidth\" style=\"border-color:#eae9e9;border-bottom-width: 0px;border-top-width: 0px;border-bottom-style: solid;border-top-style: solid;padding-bottom:0px;padding-top:3px;padding-left:0px;padding-right:0px;background-color:#c7ebcb;\"><style type=\"text\/css\" scoped=\"scoped\">.fusion-fullwidth-2 {\n                            padding-left: 0px !important;\n                            padding-right: 0px !important;\n                        }<\/style><div class=\"fusion-row\"><\/div><\/div><div class=\"fusion-fullwidth fullwidth-box fusion-fullwidth-3  fusion-parallax-none nonhundred-percent-fullwidth\" style=\"border-color:#eae9e9;border-bottom-width: 0px;border-top-width: 0px;border-bottom-style: solid;border-top-style: solid;padding-bottom:60px;padding-top:60px;padding-left:0px;padding-right:0px;\"><style type=\"text\/css\" scoped=\"scoped\">.fusion-fullwidth-3 {\n                            padding-left: 0px !important;\n                            padding-right: 0px !important;\n                        }<\/style><div class=\"fusion-row\"><div class=\"fusion-one-full fusion-layout-column fusion-column-last fusion-spacing-yes\" style=\"margin-top:0;margin-bottom:0;\"><div class=\"fusion-column-wrapper\" style=\"padding:0px 120px;\"><h3>Angaben gem\u00e4\u00df \u00a7 5 TMG:<\/h3>\n<p>Ilka Krippendorf<br \/>\nHauptmarkt 23<br \/>\n57076 Siegen<\/p>\n<h3>Kontakt:<\/h3>\n<p>Telefon: k.A.<br \/>\nHandy: 0157\/57259882<br \/>\nE-Mail: <a href=\"mailto:praxiskrippendorf@gmx.de\"><u>praxiskrippendorf@gmx.de<\/u><\/a><\/p>\n<h3>Aufsichtsbeh\u00f6rde:<\/h3>\n<p>Gesundheitsamt Siegen<br \/>\nSt.-Johann-Str. 23<br \/>\n57074 Siegen<br \/>\n<a href=\"http:\/\/www.siegen-wittgenstein.de\/Region\/Leben-und-Arbeiten\/Gesundheit\/\" target=\"_blank\" rel=\"noopener\"><u>http:\/\/www.siegen-wittgenstein.de\/Region\/Leben-und-Arbeiten\/Gesundheit\/<\/u><\/a><\/p>\n<h3>Berufsbezeichnung und berufsrechtliche Regelungen<\/h3>\n<p>Berufsbezeichnung: Staatlich gepr\u00fcfter und zertifizierter Heilpraktiker<br \/>\nVerliehen in: Deutschland<br \/>\nEs gelten folgende berufsrechtliche Regelungen: Gesetz \u00fcber die berufsm\u00e4\u00dfige Aus\u00fcbung der Heilkunde ohne Bestallung (Heilpraktikergesetz)<br \/>\nRegelungen einsehbar unter: <a href=\"http:\/\/www.gesetze-im-internet.de\/heilprg\/BJNR002510939.html\" target=\"_blank\" rel=\"noopener\"><u>http:\/\/www.gesetze-im-internet.de\/heilprg\/BJNR002510939.html<\/u><\/a><\/p>\n<h3>Angaben zur Berufshaftpflichtversicherung:<\/h3>\n<p>Name und Sitz des Versicherers:<br \/>\nBarmenia Versicherungen<br \/>\nBarmenia-Allee 1<br \/>\n42119 Wuppertal<\/p>\n<h3>Verbandszugeh\u00f6rigkeit:<\/h3>\n<p>Verband Unabh\u00e4ngiger Heilpraktiker e.V.<br \/>\nPastor-Klein-Str. 17e<br \/>\n56073 Koblenz<\/p>\n<h3>Verantwortlich f\u00fcr den Inhalt nach \u00a7 55 Abs. 2 RStV:<\/h3>\n<p>Ilka Krippendorf<br \/>\nHauptmarkt 23<br \/>\n57076 Siegen<\/p>\n<h3>Streitschlichtung<\/h3>\n<p>Wir sind nicht bereit oder verpflichtet, an Streitbeilegungsverfahren vor einer Verbraucherschlichtungsstelle teilzunehmen.<\/p>\n<h3>Haftung f\u00fcr Inhalte<\/h3>\n<p>Als Diensteanbieter sind wir gem\u00e4\u00df \u00a7 7 Abs.1 TMG f\u00fcr eigene Inhalte auf diesen Seiten nach den allgemeinen Gesetzen verantwortlich. Nach \u00a7\u00a7 8 bis 10 TMG sind wir als Diensteanbieter jedoch nicht verpflichtet, \u00fcbermittelte oder gespeicherte fremde Informationen zu \u00fcberwachen oder nach Umst\u00e4nden zu forschen, die auf eine rechtswidrige T\u00e4tigkeit hinweisen.<\/p>\n<p>Verpflichtungen zur Entfernung oder Sperrung der Nutzung von Informationen nach den allgemeinen Gesetzen bleiben hiervon unber\u00fchrt. Eine diesbez\u00fcgliche Haftung ist jedoch erst ab dem Zeitpunkt der Kenntnis einer konkreten Rechtsverletzung m\u00f6glich. Bei Bekanntwerden von entsprechenden Rechtsverletzungen werden wir diese Inhalte umgehend entfernen.<\/p>\n<h3>Haftung f\u00fcr Links<\/h3>\n<p>Unser Angebot enth\u00e4lt Links zu externen Websites Dritter, auf deren Inhalte wir keinen Einfluss haben. Deshalb k\u00f6nnen wir f\u00fcr diese fremden Inhalte auch keine Gew\u00e4hr \u00fcbernehmen. F\u00fcr die Inhalte der verlinkten Seiten ist stets der jeweilige Anbieter oder Betreiber der Seiten verantwortlich. Die verlinkten Seiten wurden zum Zeitpunkt der Verlinkung auf m\u00f6gliche Rechtsverst\u00f6\u00dfe \u00fcberpr\u00fcft. Rechtswidrige Inhalte waren zum Zeitpunkt der Verlinkung nicht erkennbar.<\/p>\n<p>Eine permanente inhaltliche Kontrolle der verlinkten Seiten ist jedoch ohne konkrete Anhaltspunkte einer Rechtsverletzung nicht zumutbar. Bei Bekanntwerden von Rechtsverletzungen werden wir derartige Links umgehend entfernen.<\/p>\n<h3>Urheberrecht<\/h3>\n<p>Die durch die Seitenbetreiber erstellten Inhalte und Werke auf diesen Seiten unterliegen dem deutschen Urheberrecht. Die Vervielf\u00e4ltigung, Bearbeitung, Verbreitung und jede Art der Verwertung au\u00dferhalb der Grenzen des Urheberrechtes bed\u00fcrfen der schriftlichen Zustimmung des jeweiligen Autors bzw. Erstellers. Downloads und Kopien dieser Seite sind nur f\u00fcr den privaten, nicht kommerziellen Gebrauch gestattet.<\/p>\n<p>Soweit die Inhalte auf dieser Seite nicht vom Betreiber erstellt wurden, werden die Urheberrechte Dritter beachtet. Insbesondere werden Inhalte Dritter als solche gekennzeichnet. Sollten Sie trotzdem auf eine Urheberrechtsverletzung aufmerksam werden, bitten wir um einen entsprechenden Hinweis. Bei Bekanntwerden von Rechtsverletzungen werden wir derartige Inhalte umgehend entfernen.<\/p>\n<div class=\"fusion-clearfix\"><\/div><\/div><\/div><div class=\"fusion-clearfix\"><\/div><\/div><\/div>\n","protected":false},"excerpt":{"rendered":"","protected":false},"author":1,"featured_media":0,"parent":0,"menu_order":0,"comment_status":"closed","ping_status":"closed","template":"100-width.php","meta":[],"_links":{"self":[{"href":"https:\/\/praxis-krippendorf.de\/index.php?rest_route=\/wp\/v2\/pages\/12635"}],"collection":[{"href":"https:\/\/praxis-krippendorf.de\/index.php?rest_route=\/wp\/v2\/pages"}],"about":[{"href":"https:\/\/praxis-krippendorf.de\/index.php?rest_route=\/wp\/v2\/types\/page"}],"author":[{"embeddable":true,"href":"https:\/\/praxis-krippendorf.de\/index.php?rest_route=\/wp\/v2\/users\/1"}],"replies":[{"embeddable":true,"href":"https:\/\/praxis-krippendorf.de\/index.php?rest_route=%2Fwp%2Fv2%2Fcomments&post=12635"}],"version-history":[{"count":21,"href":"https:\/\/praxis-krippendorf.de\/index.php?rest_route=\/wp\/v2\/pages\/12635\/revisions"}],"predecessor-version":[{"id":13475,"href":"https:\/\/praxis-krippendorf.de\/index.php?rest_route=\/wp\/v2\/pages\/12635\/revisions\/13475"}],"wp:attachment":[{"href":"https:\/\/praxis-krippendorf.de\/index.php?rest_route=%2Fwp%2Fv2%2Fmedia&parent=12635"}],"curies":[{"name":"wp","href":"https:\/\/api.w.org\/{rel}","templated":true}]}}