{"id":12611,"date":"2019-01-24T22:10:35","date_gmt":"2019-01-24T22:10:35","guid":{"rendered":"http:\/\/praxis-krippendorf.de\/?page_id=12611"},"modified":"2022-08-18T15:47:25","modified_gmt":"2022-08-18T15:47:25","slug":"osteopathische-neugeborenen-untersuchung","status":"publish","type":"page","link":"https:\/\/praxis-krippendorf.de\/?page_id=12611","title":{"rendered":"Osteopathische Neugeborenen Untersuchung"},"content":{"rendered":"<div class=\"fusion-fullwidth fullwidth-box fusion-fullwidth-1  fusion-parallax-none hundred-percent-fullwidth\" style=\"border-color:#eae9e9;border-bottom-width: 0px;border-top-width: 0px;border-bottom-style: solid;border-top-style: solid;padding-bottom:0px;padding-top:180px;padding-left:px;padding-right:0px;background-position:center center;background-repeat:no-repeat;-webkit-background-size:cover;-moz-background-size:cover;-o-background-size:cover;background-size:cover;-ms-filter: &quot;progid:DXImageTransform.Microsoft.AlphaImageLoader(src=&#039;https:\/\/praxis-krippendorf.de\/wp-content\/uploads\/2018\/12\/AdobeStock_106722923-baby-osteopathie-1024x683.jpeg&#039;, sizingMethod=&#039;scale&#039;)&quot;;background-image: url(https:\/\/praxis-krippendorf.de\/wp-content\/uploads\/2018\/12\/AdobeStock_106722923-baby-osteopathie-1024x683.jpeg);\"><style type=\"text\/css\" scoped=\"scoped\">.fusion-fullwidth-1 {\n                            padding-left: px !important;\n                            padding-right: 0px !important;\n                        }<\/style><div class=\"fusion-row\"><div class=\"fusion-one-full fusion-layout-column fusion-column-last fusion-spacing-no\" style=\"margin-top:0px;margin-bottom:0px;\"><div class=\"fusion-column-wrapper\"><div style=\"background: #dbdbdb; padding: 10px 120px; opacity: 0.75;\">\n<h2>Osteopathische Neugeborenen Untersuchung<\/h2>\n<\/div>\n<div class=\"fusion-clearfix\"><\/div><\/div><\/div><div class=\"fusion-clearfix\"><\/div><\/div><\/div><div class=\"fusion-fullwidth fullwidth-box fusion-fullwidth-2  fusion-parallax-none hundred-percent-fullwidth\" style=\"border-color:#eae9e9;border-bottom-width: 0px;border-top-width: 0px;border-bottom-style: solid;border-top-style: solid;padding-bottom:0px;padding-top:3px;padding-left:0px;padding-right:0px;background-color:#d7cbf2;\"><style type=\"text\/css\" scoped=\"scoped\">.fusion-fullwidth-2 {\n                            padding-left: 0px !important;\n                            padding-right: 0px !important;\n                        }<\/style><div class=\"fusion-row\"><\/div><\/div><div class=\"fusion-fullwidth fullwidth-box fusion-fullwidth-3  fusion-parallax-none hundred-percent-fullwidth fusion-nonzero-padding fusion-equal-height-columns\" style=\"border-color:#eae9e9;border-bottom-width: 0px;border-top-width: 0px;border-bottom-style: solid;border-top-style: solid;padding-bottom:35px;padding-top:35px;padding-left:120px;padding-right:120px;\"><style type=\"text\/css\" scoped=\"scoped\">.fusion-fullwidth-3 {\n                            padding-left: 120px !important;\n                            padding-right: 120px !important;\n                        }<\/style><div class=\"fusion-row\"><div class=\"fusion-one-full fusion-layout-column fusion-column-last fusion-spacing-no\" style=\"margin-top:0px;margin-bottom:0px;\"><div class=\"fusion-column-wrapper\" style=\"padding:40px 40px;\"><p>Jede Geburt ist f\u00fcr das Neugeborene eine Herausforderung. Durch die starken Kr\u00e4fte unter der Geburt kann es zu Beeintr\u00e4chtigungen am K\u00f6rper (Skelett, Gelenke, Membranen) kommen. Verschiedene Symptome und Verhaltensweisen, wie Bauchschmerzen oder Vorzugshaltungen, Stillschwierigkeiten, h\u00e4ufiges Weinen usw. k\u00f6nnen die Folge sein.<br \/>Zudem aktiviert die Geburt das vegetative Nervensystem des Kindes, wobei Erregung und Stress entstehen. Das Wohlbefinden des Neugeborenen kann dadurch auch noch bis lange nach der Geburt beeinflusst werden.<\/p>\n<p>Fr\u00fchzeitig erkannte Einschr\u00e4nkungen und deren Behandlung k\u00f6nnen dem Kind und seinen Eltern schwierige Zeiten ersparen. Ein entspanntes Baby kann in seiner neuen Welt besser ankommen und die Bindung zu seinen Eltern gerade in der wichtigen ersten Zeit intensiver erleben.<\/p>\n<p>Zur Therapiemethode Craniosacrale Biodynamik <a href=\"\/?page_id=12312\"><u>mehr erfahren\u2026<\/u><\/a><\/p>\n<ul>\n<li>Die Untersuchung sollte bis etwa zur 10. Lebenswoche durchgef\u00fchrt werden.<\/li>\n<li>Sie dauert mit Gespr\u00e4ch (Schwangerschafts- und Geburtsverlauf, Befinden des Kindes) ungef\u00e4hr 60 Minuten.<\/li>\n<li>Die Behandlung verl\u00e4uft sehr ruhig und ist f\u00fcr das Neugeborene sehr angenehm.<\/li>\n<li>Die Kosten betragen 90 Euro und werden von Privaten Versicherungen und Zusatzversicherungen f\u00fcr Heilpraktiker erstattet. Gesetzlich Versicherte \u00fcbernehmen die Kosten selbst.<\/li>\n<\/ul>\n<p>Wenn Sie einen Termin vereinbaren m\u00f6chten, <a href=\"https:\/\/praxis-krippendorf.de\/#kontakt\"><u>kontaktieren Sie mich gerne<\/u><\/a> zeitnah nach der Geburt Ihres Kindes.<\/p>\n<div class=\"fusion-clearfix\"><\/div><\/div><\/div><div class=\"fusion-clearfix\"><\/div><\/div><\/div>\n","protected":false},"excerpt":{"rendered":"","protected":false},"author":1,"featured_media":0,"parent":0,"menu_order":0,"comment_status":"closed","ping_status":"closed","template":"100-width.php","meta":[],"_links":{"self":[{"href":"https:\/\/praxis-krippendorf.de\/index.php?rest_route=\/wp\/v2\/pages\/12611"}],"collection":[{"href":"https:\/\/praxis-krippendorf.de\/index.php?rest_route=\/wp\/v2\/pages"}],"about":[{"href":"https:\/\/praxis-krippendorf.de\/index.php?rest_route=\/wp\/v2\/types\/page"}],"author":[{"embeddable":true,"href":"https:\/\/praxis-krippendorf.de\/index.php?rest_route=\/wp\/v2\/users\/1"}],"replies":[{"embeddable":true,"href":"https:\/\/praxis-krippendorf.de\/index.php?rest_route=%2Fwp%2Fv2%2Fcomments&post=12611"}],"version-history":[{"count":10,"href":"https:\/\/praxis-krippendorf.de\/index.php?rest_route=\/wp\/v2\/pages\/12611\/revisions"}],"predecessor-version":[{"id":13101,"href":"https:\/\/praxis-krippendorf.de\/index.php?rest_route=\/wp\/v2\/pages\/12611\/revisions\/13101"}],"wp:attachment":[{"href":"https:\/\/praxis-krippendorf.de\/index.php?rest_route=%2Fwp%2Fv2%2Fmedia&parent=12611"}],"curies":[{"name":"wp","href":"https:\/\/api.w.org\/{rel}","templated":true}]}}