{"id":12599,"date":"2019-01-22T21:45:05","date_gmt":"2019-01-22T21:45:05","guid":{"rendered":"http:\/\/praxis-krippendorf.de\/?page_id=12599"},"modified":"2024-11-09T11:00:23","modified_gmt":"2024-11-09T11:00:23","slug":"bewegung-und-ernaehrung-2","status":"publish","type":"page","link":"https:\/\/praxis-krippendorf.de\/?page_id=12599","title":{"rendered":"AGB, Teilnahmebedingungen und Datenschutz"},"content":{"rendered":"\r\n<ul>\r\n<li>\u00a0<\/li>\r\n<\/ul>\r\n\r\n\r\n<div class=\"fusion-fullwidth fullwidth-box fusion-fullwidth-1  fusion-parallax-none hundred-percent-fullwidth\" style=\"border-color:#eae9e9;border-bottom-width: 0px;border-top-width: 0px;border-bottom-style: solid;border-top-style: solid;padding-bottom:0px;padding-top:180px;padding-left:0px;padding-right:0px;background-position:center top;background-repeat:no-repeat;-webkit-background-size:cover;-moz-background-size:cover;-o-background-size:cover;background-size:cover;-ms-filter: &quot;progid:DXImageTransform.Microsoft.AlphaImageLoader(src=&#039;https:\/\/praxis-krippendorf.de\/wp-content\/uploads\/2019\/01\/AGB-Teilnahme-Datenschutz-1024x402.jpeg&#039;, sizingMethod=&#039;scale&#039;)&quot;;background-image: url(https:\/\/praxis-krippendorf.de\/wp-content\/uploads\/2019\/01\/AGB-Teilnahme-Datenschutz-1024x402.jpeg);\"><style type=\"text\/css\" scoped=\"scoped\">.fusion-fullwidth-1 {\n                            padding-left: 0px !important;\n                            padding-right: 0px !important;\n                        }<\/style><div class=\"fusion-row\"><div class=\"fusion-one-full fusion-layout-column fusion-column-last fusion-spacing-yes\" style=\"margin-top:0px;margin-bottom:0px;\"><div class=\"fusion-column-wrapper\"><div style=\"background: #dbdbdb; padding: 10px 120px; opacity: 0.75;\">\n<h2>Allgemeine Gesch\u00e4ftsbedingungen und Datenschutz<\/h2>\n<\/div>\n<div class=\"fusion-clearfix\"><\/div><\/div><\/div><div class=\"fusion-clearfix\"><\/div><\/div><\/div>\n\r\n\r\n\r\n<div class=\"fusion-fullwidth fullwidth-box fusion-fullwidth-2  fusion-parallax-none nonhundred-percent-fullwidth\" style=\"border-color:#eae9e9;border-bottom-width: 0px;border-top-width: 0px;border-bottom-style: solid;border-top-style: solid;padding-bottom:0px;padding-top:3px;padding-left:0px;padding-right:0px;background-color:#c7ebcb;\"><style type=\"text\/css\" scoped=\"scoped\">.fusion-fullwidth-2 {\n                            padding-left: 0px !important;\n                            padding-right: 0px !important;\n                        }<\/style><div class=\"fusion-row\"><\/div><\/div>\r\n\r\n\r\n<div class=\"fusion-fullwidth fullwidth-box fusion-fullwidth-3  fusion-parallax-none nonhundred-percent-fullwidth\" style=\"border-color:#eae9e9;border-bottom-width: 0px;border-top-width: 0px;border-bottom-style: solid;border-top-style: solid;padding-bottom:60px;padding-top:60px;padding-left:120px;padding-right:0px;\"><style type=\"text\/css\" scoped=\"scoped\">.fusion-fullwidth-3 {\n                            padding-left: 120px !important;\n                            padding-right: 0px !important;\n                        }<\/style><div class=\"fusion-row\"><div class=\"fusion-one-full fusion-layout-column fusion-column-last fusion-spacing-yes\" style=\"margin-top:0px;margin-bottom:0px;\"><div class=\"fusion-column-wrapper\" style=\"padding:30px 30px;\"><h2>AGB und Teilnahmebedingungen<\/h2>\n<h3>F\u00fcr alle Kursangebote der Praxis f\u00fcr K\u00f6rpertherapie und Traumaarbeit, Ilka Krippendorf<\/h3>\n<p>(Die Regelungen f\u00fcr die Therapeutische Praxis Ilka Krippendorf finden Sie im <a href=\"https:\/\/praxis-krippendorf.de\/wp-content\/uploads\/2024\/11\/Behandlungsvertrag_November-2024.pdf\" target=\"_blank\" rel=\"noopener\"><u>hier im Behandlungsvertrag<\/u><\/a> der Praxis.)<\/p>\n<p><em>Die AGB und Teilnahmebedingungen werden mit der Anmeldung (Einverst\u00e4ndniserkl\u00e4rung) und automatisch mit jeder Teilnahme am Yogaunterricht und an Workshops akzeptiert.<\/em> <strong>1. Unterrichtszeiten<\/strong> Die Yogakurse umfassen die Kurszeit wie in der Kursbeschreibung und Anmeldung zum Kurs ausgeschrieben. Der Unterricht der Kurse findet donnerstags statt, Workshops finden zu den ausgeschriebenen Zeiten statt. Unterrichtsfreie Zeiten sind die gesetzlichen Feiertage, wenn nicht anders vereinbart. Weitere unterrichtsfreie Zeiten werden fr\u00fchzeitig bekanntgegeben. <strong>2. Anmeldung<\/strong> Bitte benutzen Sie zur Anmeldung die Kursverwaltungssoftware des Anbieters \u201eYolawo\u201c, indem Sie entweder \u00fcber die Website <a href=\"www.praxis-krippendorf.de\">www.praxis-krippendorf.de<\/a> in der Kursliste den entsprechenden Kurs ausw\u00e4hlen oder \u00fcber \u201eYolawo\u201c direkt den gew\u00fcnschten Kurs ausw\u00e4hlen. Bei beiden nutzen Sie bitte die digitalen und verbindlichen Anmeldeformulare. Alle Kurse sind in der Teilnehmerzahl begrenzt. <strong>3. Zahlungsbedingungen<\/strong> Die Kursgeb\u00fchr wird nach der Anmeldung per \u00dcberweisung f\u00e4llig. Mit der Buchungsbest\u00e4tigung per Email erhalten Sie die Kontodaten und den Zahlungszeitraum, ggf. werden Ihnen die Kontodaten sp\u00e4ter mitgeteilt, jedoch noch vor Kursbeginn. Ratenzahlungen sind nicht m\u00f6glich, desgleichen eine Anrechnung des Kurses auf eine andere Person oder einen sp\u00e4teren Kurs.\u00a0 <strong>4. Stornierungsregeln<\/strong> Eine Stornierung eines Kurses ist nur mit den aktuell geltenden Stornierungsregeln m\u00f6glich. Wenn eine Buchung storniert werden soll, dann nutzen Sie bitte den Link aus der Mail der Buchungsbest\u00e4tigung. <strong>Regelung f\u00fcr Stornierungen \u00fcber das Buchungssystem Yolawo<\/strong> Bei der Stornierung \u00fcber das Buchungssystem Yolawo werden immer mindestens 10% Stornierungsgeb\u00fchren einbehalten. Der restliche Betrag wird gem\u00e4\u00df den nachfolgenden Stornierungsregeln erstattet. Bei Stornierung bis 4 Wochen vor Kursbeginn: 90 % R\u00fcckerstattung abz\u00fcglich Stornierungs- und Lastschriftgeb\u00fchr. Bei Stornierung bis 14 Tage vor Kursbeginn 50 % R\u00fcckerstattung abz\u00fcglich Stornierungs- und Lastschriftgeb\u00fchr. F\u00fcr Stornierungen, die nach 14 Tage vor Kursbeginn beim Buchungssystem Yolawo eingehen, kann keine R\u00fcckerstattung mehr angeboten werden, der komplette Buchungsbetrag wird einbehalten. <strong>5. Zusch\u00fcsse der gesetzlichen Krankenkassen<\/strong> Die gesetzlichen Krankenkassen unterst\u00fctzen die Yogakurse von Ilka Krippendorf im Rahmen der Pr\u00e4vention nach \u00a7 20 Abs. 1 SGB V im Handlungsfeld Stressbew\u00e4ltigung\/Entspannung. Die Anerkennung unterliegt jedoch dem Ermessungsspielraum der jeweiligen Kasse. Bei regelm\u00e4\u00dfiger Teilnahme stellen wir Ihnen am Ende des Kurses eine Teilnahmebest\u00e4tigung aus, die Sie bei Ihrer Krankenkasse einreichen k\u00f6nnen. Bescheinigungen werden grunds\u00e4tzlich nur einmal ausgestellt. Bei Verlust wird keine neue Bescheinigung ausgestellt. Nach Ausstellung der Bescheinigung ist diese innerhalb von 4 Wochen bei der Kursleiterin abzuholen. Nach Ablauf dieser Frist werden die nicht abgeholten Bescheinigungen vernichtet. Bei Vorlage eines frankierten R\u00fcckumschlags k\u00f6nnen Bescheinigungen auch zugesandt werden. <strong>6. Programm- und Preis\u00e4nderungen<\/strong> Die Kursleiterin Ilka Krippendorf beh\u00e4lt sich das Recht vor Programm- und Preis\u00e4nderungen vorzunehmen. Preis\u00e4nderungen haben keinen Einfluss auf bereits vorher get\u00e4tigte Anmeldungen. \u00c4nderung der Termine und des Programms\/ Zeitablaufes behalte ich mir vor, z.B. bei Erkrankung oder aber der Unm\u00f6glichkeit der Durchf\u00fchrung des Kurses. Bei zu geringer Teilnehmerzahl (weniger als 3 Personen) behalte ich mir die ersatzlose Streichung des Kurses vor. Wenn eine Kursdurchf\u00fchrung in Pr\u00e4senz aufgrund von Regelungen zur Corona-Bek\u00e4mpfung nicht erlaubt ist, werden der Kurs bzw. einzelne Kursstunden online durchgef\u00fchrt. Die Kursgeb\u00fchr bleibt auch dann f\u00e4llig, wenn der\/ die Teinehmer\/in eine Pr\u00e4senzteilnahme gebucht hatte. Muss die Kursstunde oder der Workshop seitens des Veranstalters abgesagt werden, erfolgt die komplette R\u00fcckerstattung der bereits bezahlten Geb\u00fchr. Ein weiterer Erstattungsanspruch besteht nicht. <strong>7. Erkrankungen und gesundheitliche Beeintr\u00e4chtigungen<\/strong> Der\/die Kursteilnehmer\/in hat beim ihm bestehende gesundheitliche Beeintr\u00e4chtigungen bzw. Erkrankungen oder eine bestehende Schwangerschaft mit der Anmeldung bekannt zu geben. Im Kurs erfolgen dann Hinweise bei den entsprechenden \u00dcbungen, ob die \u00dcbung \u00fcberhaupt oder nur in Abwandlung erfolgen darf. Diese Hinweise sind f\u00fcr den Kursteilnehmer\/in verbindlich. Bei ernsthaften Erkrankungen ist die Teilnahme grunds\u00e4tzlich nur nach ausdr\u00fccklicher Genehmigung des behandelnden Arztes m\u00f6glich. Die Kursleiterin entscheidet letztlich \u00fcber die Teilnahme. <strong>8. Haftungsausschluss<\/strong> Eine Haftung f\u00fcr K\u00f6rper- und Gesundheitssch\u00e4den kann ich nicht \u00fcbernehmen. Jede\/r Teilnehmer\/in muss selbst entscheiden, ob eine Teilnahme an den Yogakursen, sonstigen Kursen und Workshops mit seiner\/ihrer k\u00f6rperlichen und psychischen Verfassung vereinbar ist. Bitte fragen Sie ggf. vorab ihren Arzt. <strong>9. Datenschutz<\/strong> Alle durch die Praxis f\u00fcr K\u00f6rpertherapie und Traumaheilung (Ilka Krippendorf) erfassten pers\u00f6nlichen Teilnehmerdaten werden streng vertraulich behandelt und nicht an Dritte weitergegeben. <strong>10. Kursraum<\/strong> Der Kursraum darf nicht mit Schuhen betreten werden. Matten, Yogabl\u00f6cke, Kissen und Decken k\u00f6nnen zur Verf\u00fcgung gestellt werden. Es empfiehlt sich aus hygienischen Gr\u00fcnden eine eigene Yogamatte und ggf. Equipment (z.B. Yogablock, Decke) mitzubringen. Schuhe, Taschen sowie Stra\u00dfenbekleidung bleiben in der Garderobe, Handys m\u00fcssen stumm oder ausgeschaltet werden. Im Kursraum ist Essen nicht erlaubt. In Ausnahmef\u00e4llen bitte R\u00fccksprache mit dem\/der Seminarleiter\/in. <strong>11. Versicherungsschutz<\/strong> Sch\u00e4den, sowie Besch\u00e4digungen, die vom Teilnehmer\/in in der Hebammenpraxis RundUm bzw. am Kursort entstanden sind, sind vom Teilnehmer\/in zu beheben. <strong>12. Anwendbares Recht, Erf\u00fcllungsort, Gerichtstand<\/strong> Es gilt das Recht der Bundesrepublik Deutschland. Erf\u00fcllungsort ist der Sitz der Praxis f\u00fcr K\u00f6rpertherapie und Traumaheilung, Ilka Krippendorf. <strong>13. Urheberrecht<\/strong> Das Copyright f\u00fcr ver\u00f6ffentlichte, von der Inhaberin selbst erstellte Objekte, bleibt bei der Inhaberin der Seiten. Eine Vervielf\u00e4ltigung oder Verwendung solcher Grafiken und Texte, ist ohne Zustimmung der Inhaberin nicht gestattet.<\/p>\n<h2>Datenschutzerkl\u00e4rung<\/h2>\n<p>Ich freue mich \u00fcber Ihren Besuch auf meiner Internetpr\u00e4senz. Ich nehme den Schutz Ihrer pers\u00f6nlichen Daten ernst und halte mich an die Regeln der gesetzlichen Vorgaben, insbesondere der Datenschutzgesetze. Die in dieser Erkl\u00e4rung verwendeten Begrifflichkeiten sind geschlechtsneutral zu verstehen und umfassen jeweils die weibliche und m\u00e4nnliche Form.<\/p>\n<h3>1. Information \u00fcber die Erhebung personenbezogener Daten<\/h3>\n<p>1.1. In dieser Datenschutzerkl\u00e4rung informiere ich Sie \u00fcber die Erhebung personenbezogener Daten bei Nutzung meiner Internetpr\u00e4senz. Personenbezogene Daten sind alle Daten, die auf Sie pers\u00f6nlich beziehbar sind, beispielsweise Ihr Name, Ihre Anschrift oder Ihre E-Mail-Adresse. 1.2. Verantwortlicher gem. Art. 4 Abs. 7 EU-Datenschutz-Grundverordnung (DS-GVO) bin ich, Heilpraktikerin Ilka Krippendorf, Obergraben 19, 57072 Siegen, praxiskrippendorf@gmx.de. Alle Angaben \u00fcber mich finden Sie in meinem Impressum. 1.3. F\u00fcr eine Kontaktaufnahme k\u00f6nnen Sie mir eine E-Mail zusenden oder das auf meiner Website bereitgestellte Kontaktformular nutzen. Dabei ist die Angabe einer g\u00fcltigen E-Mail-Adresse erforderlich, um Ihre Anfrage beantworten zu k\u00f6nnen. Sofern Sie dies w\u00fcnschen, k\u00f6nnen Sie hierzu eine E-Mailadresse verwenden, die keine R\u00fcckschl\u00fcsse auf Ihre Person zul\u00e4sst. Wenn Sie mir eine E-Mail schreiben oder eine Nachricht \u00fcber das Kontaktformular zukommen lassen, speichere ich die von Ihnen mitgeteilten Daten (z.B. Ihre E-Mail-Adresse, ggf. Ihren Namen und Ihre Telefonnummer), um Ihre Fragen zu beantworten. Ist eine Speicherung nicht mehr erforderlich, l\u00f6sche ich die erhobenen personenbezogenen Daten. Falls eine gesetzliche Aufbewahrungspflicht besteht, schr\u00e4nke ich die Verarbeitung ein. Die Rechtsgrundlage f\u00fcr die Datenverarbeitung zum Zwecke der Kontaktaufnahme bildet Art. 6 Abs. 1 S. 1 lit. f DS-GVO. 1.4. Ich m\u00f6chte Sie darauf hinweisen, dass eine Daten\u00fcbertragung per E-Mail Sicherheitsl\u00fccken aufweisen kann. Ein l\u00fcckenloser Schutz der Daten vor dem Zugriff durch Dritte ist hier nicht m\u00f6glich. Ich empfehle deshalb, gesundheitsbezogene Daten nicht per Email zu \u00fcbermitteln. Sofern Sie an einer verschl\u00fcsselten E-Mail-Korrespondenz interessiert sind, teilen Sie mir dies bitte mit. 1.5. F\u00fcr einzelne Funktionen unserer Website ben\u00f6tige ich die Mitwirkung von externen Dienstleistern. \u00dcber die jeweiligen Vorg\u00e4nge informiere ich Sie unter Punkt 6. dieser Erkl\u00e4rung.<\/p>\n<h3>2. Erhebung und Speicherung personenbezogener Daten bei Aufruf meiner Website<\/h3>\n<p>2.1. Wenn Sie meine Internetpr\u00e4senz informatorisch nutzen \u2013 also lediglich betrachten -, werden bei deren Aufruf diejenigen personenbezogenen Daten erhoben, die Ihr Browser automatisch an den Server meiner Website \u00fcbermittelt. Diese Informationen werden tempor\u00e4r in einem sog. Logfile gespeichert. Folgende Informationen werden dabei ohne Ihr Zutun erfasst und bis zur automatisierten L\u00f6schung gespeichert:<\/p>\n<ul>\n<li>IP-Adresse des anfragenden Rechners,<\/li>\n<li>Datum und Uhrzeit der Anfrage bzw. des Zugriffs,<\/li>\n<li>Zeitzonendifferenz zur Greenwich Mean Time (GMT),<\/li>\n<li>Inhalt der Anforderung (konkrete Seite),<\/li>\n<li>Name und URL der abgerufenen Datei,<\/li>\n<li>Zugriffsstatus\/HTTP-Statuscode,<\/li>\n<li>jeweils \u00fcbertragene Datenmenge,<\/li>\n<li>Website, von der die Anforderung bzw. der Zugriff erfolgt (Referrer-URL),<\/li>\n<li>verwendeter Browser,<\/li>\n<li>Betriebssystem Ihres Rechners und dessen Oberfl\u00e4che sowie der Name Ihres Access-Providers,<\/li>\n<li>Sprache und Version der Browsersoftware.<\/li>\n<\/ul>\n<p>2.2. Die genannten Daten werden verarbeitet, um Ihnen meine Website anzuzeigen und dabei Stabilit\u00e4t und Sicherheit zu gew\u00e4hrleisten. Insbesondere um einen reibungslosen Verbindungsaufbau und eine komfortable Nutzung meiner Website sicherzustellen sowie f\u00fcr eine Auswertung der Systemsicherheit bzw. Systemstabilit\u00e4t und zu weiteren administrativen Zwecken. 2.3. Die Rechtsgrundlage f\u00fcr die Datenverarbeitung bildet Art. 6 Abs. 1 S. 1 lit. f DS-GVO. Mein berechtigtes Interesse folgt aus den vorstehend aufgelisteten Zwecken zur Datenerhebung.<\/p>\n<h3>3. Kontaktaufnahme und Anmeldungen<\/h3>\n<p>Bei einer Kontaktaufnahme (zum Beispiel \u00fcber Email oder Telefon) werden die Angaben des\/der Nutzers\/Nutzerin zwecks Bearbeitung der Anfrage sowie f\u00fcr den Fall, dass Anschlussfragen entstehen, gespeichert. F\u00fcr die Anmeldungen zu einem Kurs oder Workshop sind Ihre Angaben zu Namen, E-Mail-Adresse, Telefonnummer, Rechnungsadresse und ggf. voraussichtlicher Entbindungstermin (und Kursauswahl) Pflicht, weitere Angaben sind freiwillig. Auch diese Daten werden gespeichert und nur zur Bearbeitung der Anmeldung genutzt. Eine Weitergabe an Dritte erfolgt nicht.<\/p>\n<h3>4. Weitergabe von Daten \/ Daten\u00fcbermittlung<\/h3>\n<p>Ich \u00fcbermittle Ihre pers\u00f6nlichen Daten an Dritte ausschlie\u00dflich zu folgenden Zwecken: 4.1. &#8211; nach Erteilung einer ausdr\u00fccklichen Einwilligung gem\u00e4\u00df Art. 6 Abs. 1 S. 1 lit. a DSGVO, 4.2. &#8211; die Weitergabe ist nach Art. 6 Abs. 1 S. 1 lit. f DSGVO zur Geltendmachung, Aus\u00fcbung oder Verteidigung von Rechtsanspr\u00fcchen erforderlich und es besteht kein Grund zur Annahme, dass Sie ein \u00fcberwiegendes schutzw\u00fcrdiges Interesse an der Nichtweitergabe Ihrer Daten haben, 4.3. &#8211; falls f\u00fcr die Weitergabe nach Art. 6 Abs. 1 S. 1 lit. c DSGVO eine gesetzliche Verpflichtung besteht, 4.4. &#8211; sofern dies gesetzlich zul\u00e4ssig und nach Art. 6 Abs. 1 S. 1 lit. b DSGVO f\u00fcr die Abwicklung von Vertragsverh\u00e4ltnissen mit Ihnen erforderlich ist.<\/p>\n<h3>5. Ihre Rechte<\/h3>\n<p>Sie haben gegen\u00fcber mir Rechte hinsichtlich der Sie betreffenden personenbezogenen Daten. Hierbei handelt es sich um das: 5.1. &#8211; Recht auf Auskunft: gem\u00e4\u00df Art. 15 DSGVO k\u00f6nnen Sie Auskunft \u00fcber Ihre von mir verarbeiteten personenbezogenen Daten verlangen. 5.2. &#8211; Recht auf Berichtigung: gem\u00e4\u00df Art. 16 DSGVO k\u00f6nnen Sie unverz\u00fcglich die Berichtigung unrichtiger oder Vervollst\u00e4ndigung Ihrer bei mir gespeicherten personenbezogenen Daten verlangen. 5.3. &#8211; Recht auf L\u00f6schung: gem\u00e4\u00df Art. 17 DSGVO k\u00f6nnen Sie die L\u00f6schung Ihrer bei mir gespeicherten personenbezogenen Daten verlangen. 5.4. &#8211; Recht auf Einschr\u00e4nkung der Verarbeitung: gem\u00e4\u00df Art. 18 DSGVO k\u00f6nnen Sie die Einschr\u00e4nkung der Verarbeitung Ihrer bei mir gespeicherten personenbezogenen Daten verlangen. 5.5. &#8211; Recht auf Widerspruch gegen die Verarbeitung: gem\u00e4\u00df Art. 7 Abs. 3 DSGVO k\u00f6nnen Sie Ihre einmal erteilte Einwilligung jederzeit gegen\u00fcber mir widerrufen. 5.6. &#8211; Recht auf Daten\u00fcbertragbarkeit: gem\u00e4\u00df Art. 20 DSGVO k\u00f6nnen Sie verlangen, Ihre personenbezogenen Daten, die Sie mir bereitgestellt haben, in einem strukturierten, g\u00e4ngigen und maschinenlesebaren Format zu erhalten oder die \u00dcbermittlung an einen anderen Verantwortlichen verlangen. 5.7. &#8211; Sie haben gem\u00e4\u00df Art. 77 DSGVO zudem das Recht, sich bei einer Datenschutz-Aufsichtsbeh\u00f6rde \u00fcber die Verarbeitung Ihrer personenbezogenen Daten durch mich zu beschweren.<\/p>\n<h3>6. Cookies<\/h3>\n<p>6.1. Neben den in Punkt 2. genannten Daten werden bei Ihrer Nutzung meiner Website sogenannte Cookies auf Ihrem Endger\u00e4t (Laptop, Tablet, Smartphone o.\u00e4.) gespeichert. Dies sind kleine Textdateien, die auf Ihrer Festplatte dem von Ihnen verwendeten Browser zugeordnet gespeichert werden; durch Cookies erh\u00e4lt die Stelle, die den Cookie setzt, bestimmte Informationen. Cookies dienen dazu, mein Internetangebot nutzerfreundlicher und effektiver zu machen. Ich erhalte durch Cookies nicht unmittelbar Kenntnis von Ihrer Identit\u00e4t. Cookies k\u00f6nnen keine Programme ausf\u00fchren oder Viren auf Ihren Computer \u00fcbertragen. 6.2. Meine Website nutzt ausschlie\u00dflich Session-Cookies. Diese speichern eine sogenannte Session-ID, mit welcher sich verschiedene Anfragen Ihres Browsers der Sitzung zuordnen lassen. Durch Session-Cookies kann erkannt werden, dass Sie einzelne Seiten meiner Website bereits besucht haben. Die Session-Cookies werden automatisch gel\u00f6scht, wenn Sie meine Seite verlassen oder Ihren Browser schlie\u00dfen. Sie k\u00f6nnen die Cookies in den Sicherheitseinstellungen Ihres Browsers zudem jederzeit l\u00f6schen. 6.3. Sie k\u00f6nnen meine Webseite auch ohne Cookies besuchen. Sie m\u00fcssen hierzu Ihre Browser-Einstellung so konfigurieren, dass die Annahme von Cookies unterbleibt. In diesem Fall k\u00f6nnen Sie m\u00f6glicherweise nicht alle Funktionen meiner Website nutzen. 6.4. Die durch Cookies verarbeiteten Daten sind f\u00fcr die genannten Zwecke zur Wahrung meiner berechtigten Interessen sowie der Dritter nach Art. 6 Abs. 1 S. 1 lit. f DSGVO erforderlich. 6.5. \u00dcber Cookies, die durch eingebundene Dienste (z.B. YouTube) gesetzt werden, informiere ich Sie unter Punkt 6 dieser Erkl\u00e4rung.<\/p>\n<h3>7. Weitere Funktionen und Angebote meiner Website \/ Einbindung von Diensten und Inhalten Dritter (Plug-in-Anbieter)<\/h3>\n<p>Neben der rein informatorischen (betrachtenden) Nutzung meiner Website biete ich verschiedene Leistungen an, die Sie bei Interesse aktiv nutzen k\u00f6nnen. Dazu m\u00fcssen Sie in der Regel weitere personenbezogene Daten angeben; diese werden verwendet, um die jeweilige Leistung zu erbringen. 7.1. Einbindung von Google Maps 7.1.1. Ich nutze auf meiner Website Google Maps. Dies erm\u00f6glicht es mir, Ihnen interaktive Landkarten direkt auf meiner Website anzuzeigen; Sie k\u00f6nnen die Karten-Funktionen von Google Maps hierdurch komfortabel nutzen. Bei der Nutzung werden von Google Daten \u00fcber Ihre Nutzung der Kartenfunktionen erhoben, verarbeitet und genutzt. 7.1.2. Durch den Besuch auf meiner Website erh\u00e4lt Google die Information, dass Sie die entsprechende Unterseite meiner Website aufgerufen haben. Zudem werden die unter Punkt 2. dieser Erkl\u00e4rung genannten Daten \u00fcbermittelt. Dies erfolgt sowohl dann, wenn Sie in einem Google-Nutzerkonto eingeloggt sind, als auch dann, wenn kein Nutzerkonto besteht oder Sie dort abgemeldet sind. 7.1.3.Wenn Sie bei einem Google-Konto eingeloggt sind, werden Ihre Daten direkt diesem Konto zugeordnet. Wenn Sie die Zuordnung mit Ihrem Profil bei Google nicht w\u00fcnschen, m\u00fcssen Sie sich vor der Nutzung aus Ihrem Google-Konto ausloggen. 7.1.4. Google speichert Ihre Daten als Nutzungsprofile und nutzt sie f\u00fcr Zwecke der Werbung, Marktforschung, zu statistischen Zwecken und\/oder bedarfsgerechten Gestaltung seiner Website. Eine solche Auswertung erfolgt insbesondere (selbst f\u00fcr nicht eingeloggte Nutzer) zur Erbringung von bedarfsgerechter Werbung und um andere Nutzer des sozialen Netzwerks \u00fcber Ihre Aktivit\u00e4ten auf meiner Website zu informieren. 7.1.5. Ihnen steht ein Widerspruchsrecht gegen die Bildung dieser Nutzerprofile zu; zu dessen Aus\u00fcbung wenden Sie sich an Google. 7.1.6. Weitere Informationen zu Zweck und Umfang der Datenerhebung und ihrer Verarbeitung durch Google erhalten Sie in den Datenschutzerkl\u00e4rungen dieses Anbieters. Dort erhalten Sie auch weitere Informationen zu Ihren diesbez\u00fcglichen Rechten und Einstellungsm\u00f6glichkeiten zum Schutze Ihrer Privatsph\u00e4re: http:\/\/www.google.de\/intl\/de\/policies\/privacy. Google verarbeitet Ihre personenbezogenen Daten auch in den USA und hat sich dem EU-US Privacy Shield unterworfen, https:\/\/www.privacyshield.gov\/EU-US-Framework.<\/p>\n<h3>8. Widerspruch oder Widerruf gegen die Verarbeitung Ihrer Daten<\/h3>\n<p>8.1. Sofern wir Ihre personenbezogenen Daten auf Grundlage von berechtigten Interessen gem\u00e4\u00df Art. 6 Abs. 1 S. 1 lit. f DSGVO verarbeiten, k\u00f6nnen Sie gem\u00e4\u00df Art. 21 DS-GVO Widerspruch gegen die Verarbeitung Ihrer personenbezogenen Daten einlegen. In diesem Fall teilen Sie mir bitte die Gr\u00fcnde &#8211; die sich aus Ihrer besonderen Situation ergeben &#8211; mit, aufgrund derer Ihre personenbezogenen Daten nicht verarbeitet werden sollen. Nach Pr\u00fcfung Ihres Widerspruchs stelle ich entweder die Datenverarbeitung ein, passe diese an oder f\u00fchre die Verarbeitung fort. In zuletzt genannten Fall lege ich Ihnen die zwingenden schutzw\u00fcrdigen Gr\u00fcnde dar. 8.2. Der Verarbeitung Ihrer personenbezogenen Daten f\u00fcr Zwecke der Werbung und\/oder Datenanalyse k\u00f6nnen Sie jederzeit ohne Angabe von Gr\u00fcnden widersprechen. Ihr diesbez\u00fcgliches Widerspruchsrecht setze ich um; die Angabe von Gr\u00fcnden ist hierzu nicht erforderlich. 8.3. Falls Sie eine Einwilligung zur Verarbeitung Ihrer Daten erteilt haben, k\u00f6nnen Sie diese jederzeit mit Wirkung f\u00fcr die Zukunft widerrufen. 8.4. Zur Aus\u00fcbung Ihres Widerrufs- oder Widerspruchsrecht richten Sie eine E-Mail an folgende Adresse: <a href=\"mailto:praxiskrippendorf@gmx.de\">praxiskrippendorf@gmx.de<\/a> \u00dcber Ihren Widerspruch oder Widerruf k\u00f6nnen Sie mich auch unter folgenden Kontaktdaten informieren: Naturheilpraxis Ilka Krippendorf Heilpraktikerin Tilsiter Stra\u00dfe 27 57250 Netphen Alle Angaben \u00fcber mich finden Sie in meinem Impressum.<\/p>\n<h3>9. Verschl\u00fcsselung<\/h3>\n<p>Zur Sicherung Ihrer Daten verwende ich auf meiner Internetpr\u00e4senz eine SSL-Verschl\u00fcsselung. Zertifikate zur Verwendung der SSL-Verschl\u00fcsselung werden von mir regelm\u00e4\u00dfig erneuert. Ob eine Seite unseres Internetauftrittes verschl\u00fcsselt \u00fcbertragen wird, erkennen Sie an der geschlossenen Darstellung des Sch\u00fcssel-\/Schloss-Symbols in der Statusleiste Ihres Browsers.<\/p>\n<h3>10. Weitere Fragen<\/h3>\n<p>Konnte meine Datenschutzerkl\u00e4rung eine Ihrer Fragen nicht beantworten? W\u00fcnschen Sie zu einem Punkt weitere Informationen? Dann lassen Sie mich dies wissen. Ich gebe Ihnen jederzeit gern weitere Auskunft. F\u00fcr alle Anfragen zum Datenschutz wenden Sie sich bitte an folgende E-Mail-Adresse: <a href=\"mailto:praxiskrippendorf@gmx.de\">praxiskrippendorf@gmx.de<\/a> <\/p>\n<div class=\"fusion-clearfix\"><\/div><\/div><\/div><div class=\"fusion-clearfix\"><\/div><\/div><\/div>\n","protected":false},"excerpt":{"rendered":"","protected":false},"author":1,"featured_media":0,"parent":0,"menu_order":0,"comment_status":"closed","ping_status":"closed","template":"100-width.php","meta":[],"_links":{"self":[{"href":"https:\/\/praxis-krippendorf.de\/index.php?rest_route=\/wp\/v2\/pages\/12599"}],"collection":[{"href":"https:\/\/praxis-krippendorf.de\/index.php?rest_route=\/wp\/v2\/pages"}],"about":[{"href":"https:\/\/praxis-krippendorf.de\/index.php?rest_route=\/wp\/v2\/types\/page"}],"author":[{"embeddable":true,"href":"https:\/\/praxis-krippendorf.de\/index.php?rest_route=\/wp\/v2\/users\/1"}],"replies":[{"embeddable":true,"href":"https:\/\/praxis-krippendorf.de\/index.php?rest_route=%2Fwp%2Fv2%2Fcomments&post=12599"}],"version-history":[{"count":33,"href":"https:\/\/praxis-krippendorf.de\/index.php?rest_route=\/wp\/v2\/pages\/12599\/revisions"}],"predecessor-version":[{"id":13376,"href":"https:\/\/praxis-krippendorf.de\/index.php?rest_route=\/wp\/v2\/pages\/12599\/revisions\/13376"}],"wp:attachment":[{"href":"https:\/\/praxis-krippendorf.de\/index.php?rest_route=%2Fwp%2Fv2%2Fmedia&parent=12599"}],"curies":[{"name":"wp","href":"https:\/\/api.w.org\/{rel}","templated":true}]}}