{"id":12371,"date":"2018-12-29T20:48:43","date_gmt":"2018-12-29T20:48:43","guid":{"rendered":"http:\/\/praxis-krippendorf.de\/?page_id=12371"},"modified":"2022-11-16T08:54:02","modified_gmt":"2022-11-16T08:54:02","slug":"kurse-und-workshops-in-meiner-praxis","status":"publish","type":"page","link":"https:\/\/praxis-krippendorf.de\/?page_id=12371","title":{"rendered":"GeburtsRaum &#8211; kraftvoll und zentriert in die Geburt (Einzelsitzungen)"},"content":{"rendered":"<div class=\"fusion-fullwidth fullwidth-box fusion-fullwidth-1  fusion-parallax-none hundred-percent-fullwidth\" style=\"border-color:#eae9e9;border-bottom-width: 0px;border-top-width: 0px;border-bottom-style: solid;border-top-style: solid;padding-bottom:0px;padding-top:180px;padding-left:px;padding-right:0px;background-position:center bottom;background-repeat:no-repeat;-webkit-background-size:cover;-moz-background-size:cover;-o-background-size:cover;background-size:cover;-ms-filter: &quot;progid:DXImageTransform.Microsoft.AlphaImageLoader(src=&#039;https:\/\/praxis-krippendorf.de\/wp-content\/uploads\/2018\/12\/AdobeStock_241645780-geburtsraum-neu-3-2-1024x640.jpeg&#039;, sizingMethod=&#039;scale&#039;)&quot;;background-image: url(https:\/\/praxis-krippendorf.de\/wp-content\/uploads\/2018\/12\/AdobeStock_241645780-geburtsraum-neu-3-2-1024x640.jpeg);\"><style type=\"text\/css\" scoped=\"scoped\">.fusion-fullwidth-1 {\n                            padding-left: px !important;\n                            padding-right: 0px !important;\n                        }<\/style><div class=\"fusion-row\"><div class=\"fusion-one-full fusion-layout-column fusion-column-last fusion-spacing-no\" style=\"margin-top:0px;margin-bottom:0px;\"><div class=\"fusion-column-wrapper\"><div style=\"background: #dbdbdb; padding: 10px 120px; opacity: 0.6;\">\n<h2>GeburtsRaum &#8211; kraftvoll und zentriert in die Geburt<\/h2>\n<\/div>\n<div class=\"fusion-clearfix\"><\/div><\/div><\/div><div class=\"fusion-clearfix\"><\/div><\/div><\/div><div class=\"fusion-fullwidth fullwidth-box fusion-fullwidth-2  fusion-parallax-none hundred-percent-fullwidth\" style=\"border-color:#eae9e9;border-bottom-width: 0px;border-top-width: 0px;border-bottom-style: solid;border-top-style: solid;padding-bottom:0px;padding-top:3px;padding-left:0px;padding-right:0px;background-color:#dc7a7a;\"><style type=\"text\/css\" scoped=\"scoped\">.fusion-fullwidth-2 {\n                            padding-left: 0px !important;\n                            padding-right: 0px !important;\n                        }<\/style><div class=\"fusion-row\"><\/div><\/div><div class=\"fusion-fullwidth fullwidth-box fusion-fullwidth-3  fusion-parallax-none nonhundred-percent-fullwidth\" style=\"border-color:#eae9e9;border-bottom-width: 0px;border-top-width: 0px;border-bottom-style: solid;border-top-style: solid;padding-bottom:60px;padding-top:60px;padding-left:px;padding-right:px;\"><style type=\"text\/css\" scoped=\"scoped\">.fusion-fullwidth-3 {\n                            padding-left: px !important;\n                            padding-right: px !important;\n                        }<\/style><div class=\"fusion-row\"><div class=\"fusion-one-full fusion-layout-column fusion-column-last fusion-spacing-no\" style=\"margin-top:0px;margin-bottom:0px;\"><div class=\"fusion-column-wrapper\" style=\"padding:0px 120px;\"><p style=\"color: #404040; font-size: 40px; line-height: 44px; font-family: 'Open Sans Condensed', sans-serif; font-weight: 300;\">Einzelsitzungen (mit und ohne Geburtspartner)<\/p>\n<div class=\"fusion-clearfix\"><\/div><\/div><\/div><div class=\"fusion-clearfix\"><\/div><div class=\"fusion-one-full fusion-layout-column fusion-column-last fusion-spacing-no\" style=\"margin-top:0px;margin-bottom:0px;\"><div class=\"fusion-column-wrapper\" style=\"padding:0px 120px;\"><p>In den von mir angebotenen Einzelsitzungen zur individuellen Geburtsvorbereitung bekommst du Raum, um dich k\u00f6rperlich und seelisch auf die Geburt deines Kindes einzustimmen. Ich nehme mir Zeit, mit dir (und deinem Geburtspartner) gemeinsam zu erforschen, was dir f\u00fcr die Geburt wichtig ist und wie du dich intensiv vorbereiten kannst.<\/p>\n<p>Du bekommst in den Sitzungen Ideen und gezielte Anleitungen zu aktiver Geburtsarbeit, geburtsunterst\u00fctzenden K\u00f6rperhaltungen und Bewegungen (auf Wunsch auch aus dem Yoga), Tiefenatmung, Visualisierungen und Tiefenentspannung. Du \u00fcbst dich in Achtsamkeit gegen\u00fcber dir, deinem Kind und euren Bed\u00fcrfnissen f\u00fcr die Geburt, um auch w\u00e4hrend der Geburt mit deinem Kind in Kontakt zu bleiben, damit ihr eure Geburt gemeinsam erleben k\u00f6nnt. Wir f\u00f6rdern in den Sitzungen ganz bewusst dein nat\u00fcrliches und instinktives Geb\u00e4rverhalten.<\/p>\n<h3>Jede Frau hat ein Recht auf eine positive Geburtserfahrung.<\/h3>\n<p>Dies kann nicht nur \u00fcber das Anstreben einer spontanen, vaginalen und nichtinvasiven Geburt gelingen. Auch bei einer Geburtseinleitung oder einem geplanten Kaiserschnitt kann ein selbstbestimmtes und positives Geburtserlebnis erm\u00f6glicht werden. Entscheidend hierf\u00fcr sind die Vorbereitung auf die anstehenden Eingriffe und der achtsame Umgang vor und w\u00e4hrend der Geburt mit der Geb\u00e4renden, ihrem Kind und ihrem Geburtspartner. Die Einzelsitzungen helfen dir dabei, die Geburt deines Kindes &#8211; auch im Rahmen einer Klinikgeburt &#8211; kraftvoll und zentriert zu erleben.<\/p>\n<div class=\"fusion-clearfix\"><\/div><\/div><\/div><div class=\"fusion-clearfix\"><\/div><div class=\"fusion-one-half fusion-layout-column fusion-spacing-no\" style=\"margin-top:0px;margin-bottom:30px;\"><div class=\"fusion-column-wrapper\" style=\"padding:0px 120px;\"><h4>Du gehst entspannt und voller Vorfreude in die Geburt hinein.<\/h4>\n<h4>Du bist angstfrei und offen f\u00fcr euer ganz eigenes Geburtserlebnis.<\/h4>\n<h4>Du erh\u00e4ltst die M\u00f6glichkeit, eine schmerzarme bis schmerzfreie Geburt durch tiefe Entspannungszust\u00e4nde unter der Geburt zu erleben.<\/h4>\n<div class=\"fusion-clearfix\"><\/div><\/div><\/div><div class=\"fusion-one-half fusion-layout-column fusion-column-last fusion-spacing-no\" style=\"margin-top:0;margin-bottom:0;\"><div class=\"fusion-column-wrapper\"><div class=\"fusion-testimonials clean fusion-testimonials-1\" data-random=\"0\"><style type='text\/css' scoped='scoped'>\n\t\t#fusion-testimonials-1 a{border-color: #595f6b;}#fusion-testimonials-1 a:hover, #fusion-testimonials-1 .activeSlide{background-color: #595f6b;}\n\t\t.fusion-testimonials.clean.fusion-testimonials-1 .author:after{border-top-color:#f9f9f9 !important;}<\/style><div class=\"reviews\"><div class=\"review no-avatar\"><blockquote style=\"background-color:#f9f9f9;\"><q style=\"background-color:#f9f9f9;color:#595f6b;\">\u201eWenn gen\u00fcgend Frauen erkennen, dass die Geburt eine gro\u00dfartige M\u00f6glichkeit ist, mit ihrer wahren Kraft in Verbindung zu kommen, und wenn sie bereit sind, die Verantwortung daf\u00fcr anzunehmen, werden wir die Macht \u00fcber die Geburt wiedergewinnen und dazu beitragen, die Technik wieder an die Stelle zu setzen, an die sie geh\u00f6rt &#8211; in den Dienst der geb\u00e4renden Frau, aber nicht als ihr Meister.\u201c  &#8211;  Christiane Northrup<\/q><\/blockquote><div class=\"author\" style=\"color:#595f6b;\"><span class=\"company-name\"><strong><\/strong><\/span><\/div><\/div><\/div><div class=\"testimonial-pagination\" id=\"fusion-testimonials-1\"><\/div><\/div><div class=\"fusion-clearfix\"><\/div><\/div><\/div><div class=\"fusion-clearfix\"><\/div><div class=\"fusion-one-full fusion-layout-column fusion-column-last fusion-spacing-no\" style=\"margin-top:0px;margin-bottom:0px;\"><div class=\"fusion-column-wrapper\" style=\"padding:0px 120px;\"><p>F\u00fcr die Zeit zwischen einzelnen Sitzungen bekommst du individuellen \u00dcbungen f\u00fcr zu Hause. Diese kannst du mit oder ohne deinen Geburtspartner verinnerlichen. Somit k\u00f6nnen wir intensiv an der Umsetzung deines Anliegens arbeiten.<\/p>\n<h3>GeburtsRaum ist f\u00fcr dich sinnvoll, wenn du\u2026<\/h3>\n<ul>\n<li>&#8230;dich mit deinen pers\u00f6nlichen W\u00fcnschen auf deine Geburt vorbereiten m\u00f6chtest.<\/li>\n<li>&#8230;eine Vertiefung zu deinem Geburtsvorbereitungskurs w\u00fcnschst.<\/li>\n<li>&#8230;im Vorfeld wei\u00dft, dass Eingriffe in das nat\u00fcrliche Geburtsgeschehen oder ein Kaiserschnitt unumg\u00e4nglich sind.<\/li>\n<li>&#8230;bereits \u00c4ngste in der Schwangerschaft in Hinblick auf deine Geburt hast.<\/li>\n<li>&#8230;dir nach einer Kaiserschnittgeburt eine entspannte spontane Geburt w\u00fcnschst.<\/li>\n<li>&#8230;negative Geburtsvorerfahrungen l\u00f6sen m\u00f6chtest, um deine jetzige Geburt neu zu erfahren.<\/li>\n<li>&#8230;lernen m\u00f6chtest, unter der Geburt mit deinem Kind in Verbindung zu bleiben.<\/li>\n<li>&#8230;und dein Partner euch durch die Geburt neu begegnen m\u00f6chtet.<\/li>\n<li>&#8230;neugierig bist, inwiefern du deine Geburt f\u00fcr dein pers\u00f6nliches Wachstum nutzen kannst.<\/li>\n<\/ul>\n<p>Erg\u00e4nzend hierzu biete ich dir Unterst\u00fctzung aus der K\u00f6rpertherapie an, wie z.B. geburtsvorbereitende Akupunktur, Hom\u00f6opathie, manuelle Therapie. Dies ist nicht zwingend notwendig, kann jedoch hilfreich sein, um z.B. negative Geburtsvorerfahrungen oder k\u00f6rperliche Einschr\u00e4nkungen f\u00fcr die anstehende Geburt zu l\u00f6sen.<\/p>\n<p>Bitte beachte: Bei unserem ersten Termin, wenn ich dich, deine Geburtsvorerfahrungen und W\u00fcnsche kennenlerne, werde ich in etwa einsch\u00e4tzen k\u00f6nnen, wie viele Sitzungen du brauchen wirst, um dich nach deinen W\u00fcnschen auf deine Geburt vorzubereiten. Erfahrungsgem\u00e4\u00df werden zwischen 1-5 Sitzungen wahrgenommen. Eine Sitzung umfasst zwischen 60 bis 90 Minuten. Die Kosten entsprechen denen der Behandlungen (<a href=\"https:\/\/praxis-krippendorf.de\/?page_id=12455\"><u>siehe hier<\/u><\/a>). Die Kosten f\u00fcr deinen Geburtspartner betragen 50 % der Kosten nach Zeitaufwand. Die Kosten zur Geburtsvorbereitung (Beratungen, Anleitungen usw.) werden nicht von den Krankenkassen erstattet. Weitere Informationen zur Kosten\u00fcbernahme f\u00fcr die begleitenden Behandlungen <a href=\"https:\/\/praxis-krippendorf.de\/?page_id=12455\"><u>findest du hier<\/u><\/a>. Wenn du weitere Fragen hast oder einen Termin vereinbaren m\u00f6chtest, <a href=\"https:\/\/praxis-krippendorf.de\/#kontakt\"><u>kontaktiere mich gerne<\/u><\/a>.<\/p>\n<h3>Ich freue mich, dich auf dem Weg zu deinem Geburtsfest begleiten zu d\u00fcrfen!<\/h3>\n<div class=\"fusion-clearfix\"><\/div><\/div><\/div><div class=\"fusion-clearfix\"><\/div><\/div><\/div>\n","protected":false},"excerpt":{"rendered":"","protected":false},"author":1,"featured_media":0,"parent":0,"menu_order":0,"comment_status":"closed","ping_status":"closed","template":"100-width.php","meta":[],"_links":{"self":[{"href":"https:\/\/praxis-krippendorf.de\/index.php?rest_route=\/wp\/v2\/pages\/12371"}],"collection":[{"href":"https:\/\/praxis-krippendorf.de\/index.php?rest_route=\/wp\/v2\/pages"}],"about":[{"href":"https:\/\/praxis-krippendorf.de\/index.php?rest_route=\/wp\/v2\/types\/page"}],"author":[{"embeddable":true,"href":"https:\/\/praxis-krippendorf.de\/index.php?rest_route=\/wp\/v2\/users\/1"}],"replies":[{"embeddable":true,"href":"https:\/\/praxis-krippendorf.de\/index.php?rest_route=%2Fwp%2Fv2%2Fcomments&post=12371"}],"version-history":[{"count":35,"href":"https:\/\/praxis-krippendorf.de\/index.php?rest_route=\/wp\/v2\/pages\/12371\/revisions"}],"predecessor-version":[{"id":13117,"href":"https:\/\/praxis-krippendorf.de\/index.php?rest_route=\/wp\/v2\/pages\/12371\/revisions\/13117"}],"wp:attachment":[{"href":"https:\/\/praxis-krippendorf.de\/index.php?rest_route=%2Fwp%2Fv2%2Fmedia&parent=12371"}],"curies":[{"name":"wp","href":"https:\/\/api.w.org\/{rel}","templated":true}]}}