{"id":12322,"date":"2018-12-28T12:00:46","date_gmt":"2018-12-28T12:00:46","guid":{"rendered":"http:\/\/praxis-krippendorf.de\/?page_id=12322"},"modified":"2019-02-16T20:56:14","modified_gmt":"2019-02-16T20:56:14","slug":"praenataltherapie-und-bonding","status":"publish","type":"page","link":"https:\/\/praxis-krippendorf.de\/?page_id=12322","title":{"rendered":"Pr\u00e4nataltherapie und Bonding"},"content":{"rendered":"<div class=\"fusion-fullwidth fullwidth-box fusion-fullwidth-1  fusion-parallax-none hundred-percent-fullwidth\" style=\"border-color:#eae9e9;border-bottom-width: 0px;border-top-width: 0px;border-bottom-style: solid;border-top-style: solid;padding-bottom:0px;padding-top:180px;padding-left:px;padding-right:0px;background-position:left center;background-repeat:no-repeat;-webkit-background-size:cover;-moz-background-size:cover;-o-background-size:cover;background-size:cover;-ms-filter: &quot;progid:DXImageTransform.Microsoft.AlphaImageLoader(src=&#039;https:\/\/praxis-krippendorf.de\/wp-content\/uploads\/2015\/03\/AdobeStock_58769755-1024x683.jpeg&#039;, sizingMethod=&#039;scale&#039;)&quot;;background-image: url(https:\/\/praxis-krippendorf.de\/wp-content\/uploads\/2015\/03\/AdobeStock_58769755-1024x683.jpeg);\"><style type=\"text\/css\" scoped=\"scoped\">.fusion-fullwidth-1 {\n                            padding-left: px !important;\n                            padding-right: 0px !important;\n                        }<\/style><div class=\"fusion-row\"><div class=\"fusion-one-full fusion-layout-column fusion-column-last fusion-spacing-no\" style=\"margin-top:0px;margin-bottom:0px;\"><div class=\"fusion-column-wrapper\"><div style=\"background: #dbdbdb; padding: 10px 120px; opacity: 0.75;\">\n<h2>Pr\u00e4nataltherapie und Bonding<\/h2>\n<\/div>\n<div class=\"fusion-clearfix\"><\/div><\/div><\/div><div class=\"fusion-clearfix\"><\/div><\/div><\/div><div class=\"fusion-fullwidth fullwidth-box fusion-fullwidth-2  fusion-parallax-none hundred-percent-fullwidth\" style=\"border-color:#eae9e9;border-bottom-width: 0px;border-top-width: 0px;border-bottom-style: solid;border-top-style: solid;padding-bottom:0px;padding-top:3px;padding-left:0px;padding-right:0px;background-color:#3ec6cb;\"><style type=\"text\/css\" scoped=\"scoped\">.fusion-fullwidth-2 {\n                            padding-left: 0px !important;\n                            padding-right: 0px !important;\n                        }<\/style><div class=\"fusion-row\"><\/div><\/div><div class=\"fusion-fullwidth fullwidth-box fusion-fullwidth-3  fusion-parallax-none nonhundred-percent-fullwidth\" style=\"border-color:#eae9e9;border-bottom-width: 0px;border-top-width: 0px;border-bottom-style: solid;border-top-style: solid;padding-bottom:60px;padding-top:60px;padding-left:0px;padding-right:0px;\"><style type=\"text\/css\" scoped=\"scoped\">.fusion-fullwidth-3 {\n                            padding-left: 0px !important;\n                            padding-right: 0px !important;\n                        }<\/style><div class=\"fusion-row\"><div class=\"fusion-one-full fusion-layout-column fusion-column-last fusion-spacing-no\" style=\"margin-top:0px;margin-bottom:0px;\"><div class=\"fusion-column-wrapper\" style=\"padding:0px 120px;\"><h3>Irritierende Erfahrungen in der Schwangerschaft und unter der Geburt<\/h3>\n<p>Leider finden heutzutage in der Pr\u00e4natalzeit (vorgeburtliche Zeit, Schwangerschaft) h\u00e4ufig Irritationen statt, wie z.B. invasive Untersuchungen und medizinische Interventionen. Das ungeborene Kind kann dies als Stress erleben und sein autonomes Nervensystem erf\u00e4hrt dadurch bereits eine erste pr\u00e4natale Pr\u00e4gung von Kampf, Flucht oder Erstarrung. Auch bei der Geburt k\u00f6nnen sowohl Mutter und Kind als auch der Geburtspartner von irritierenden Interventionen betroffen sein. Dies kann die emotionale Verbindung und den Kontakt zwischen Mutter bzw. Eltern und Kind st\u00f6ren. Der Mutter muss dabei nicht unbedingt bewusst sein, wie das Kind die Geburt erlebt hat. (Vertiefende Informationen zum autonomen Nervensystem finden Sie unter <a href=\"https:\/\/praxis-krippendorf.de\/?page_id=12318\"><u>K\u00f6rpertherapeutische Traumal\u00f6sung<\/u><\/a>.)<\/p>\n<h3>Ansatz der Pr\u00e4nataltherapie<\/h3>\n<p>Die Pr\u00e4nataltherapie findet immer im Rahmen einer k\u00f6rpertherapeutischen Behandlung statt. Eine Beschreibung zu der von mir angewandten K\u00f6rpertherapie finden Sie unter dem Men\u00fcpunkt <a href=\"https:\/\/praxis-krippendorf.de\/?page_id=12312\"><u>Craniosacrale Biodynamik<\/u><\/a>.<\/p>\n<div class=\"fusion-clearfix\"><\/div><\/div><\/div><div class=\"fusion-clearfix\"><\/div><div class=\"fusion-two-third fusion-layout-column fusion-spacing-no\" style=\"margin-top:0px;margin-bottom:0px;\"><div class=\"fusion-column-wrapper\" style=\"padding:0px 120px;\"><p>In den pr\u00e4nataltherapeutischen Behandlungen&#8230;<\/p>\n<ul>\n<li>wird w\u00e4hrend einer Schwangerschaft die Kommunikation und das Bonding (Bindung) zwischen Mutter und Kind pr\u00e4natal gest\u00e4rkt und damit eine nat\u00fcrliche Geburt unterst\u00fctzt.<\/li>\n<li>k\u00f6nnen die Momente der Irritationen zugunsten des Bonding gel\u00f6st werden, indem Stress mithilfe k\u00f6rpertherapeutischer Arbeit ausfindig gemacht wird.<\/li>\n<li>werden die Mutter bzw. die Eltern darin unterst\u00fctzt, ihr eigenes Nervensystem wieder mit den Aspekten von Entspannung und Freude in Kontakt zu bringen.<\/li>\n<li>findet ein wichtiger Lernprozess f\u00fcr die Gesundheit von Mutter bzw. Eltern und Kind statt.<\/li>\n<li>nach der Geburt genie\u00dft es das Kind, wenn die Eltern die Zeit der Schwangerschaft und Geburt unter therapeutischer Begleitung Revue passieren lassen.<\/li>\n<\/ul>\n<div class=\"fusion-clearfix\"><\/div><\/div><\/div><div class=\"fusion-one-third one_third fusion-layout-column fusion-column-last fusion-spacing-yes\" style=\"margin-top:0px;margin-bottom:0px;\"><div class=\"fusion-column-wrapper\"><span class=\"fusion-imageframe imageframe-none imageframe-1 hover-type-none\"> <img decoding=\"async\" alt=\"\" src=\"https:\/\/praxis-krippendorf.de\/wp-content\/uploads\/2018\/12\/AdobeStock_101988352-pr\u00e4nataltherapie-2-1024x683.jpeg\" class=\"img-responsive\"\/><\/span><div class=\"fusion-clearfix\"><\/div><\/div><\/div><div class=\"fusion-clearfix\"><\/div><div class=\"fusion-one-full fusion-layout-column fusion-column-last fusion-spacing-no\" style=\"margin-top:0px;margin-bottom:0px;\"><div class=\"fusion-column-wrapper\" style=\"padding:0px 120px;\"><p>Gerne k\u00f6nnen Sie bereits in der Schwangerschaft mit Ihrem Ungeborenen zu mir kommen, um vorgeburtlichen Stress fr\u00fchzeitig zu l\u00f6sen und so Kraft f\u00fcr die Geburt zu sammeln. Nat\u00fcrlich lade ich Sie auch nach der Geburt dazu ein, mit Ihrem Kind gemeinsam Erlebnisse aus der pr\u00e4natalen Zeit zu verarbeiten und zu integrieren \u2013 negative Erfahrungen zu l\u00f6sen und positive hervorzuheben. Hierbei schenken wir der Mutter-Kind-Bindung besondere Aufmerksamkeit.<\/p>\n<p>Wenn Sie weitere Fragen haben oder einen Termin vereinbaren m\u00f6chten, <a href=\"http:\/\/www.praxis-krippendorf.de\/#kontakt\"><u>kontaktieren Sie mich<\/u><\/a> gerne.<\/p>\n<h3>Pr\u00e4natale Pr\u00e4gungen bei Erwachsenen<\/h3>\n<p>Auch in der Arbeit mit Erwachsenen ist eine Therapie von pr\u00e4natalen Pr\u00e4gungen m\u00f6glich. Vorgeburtlicher Stress und Traumata haben gro\u00dfen Einfluss auf das gesamte Leben. Das Ungeborene hat eine Art vorgeburtliches \u201eGed\u00e4chtnis\u201c, das in allen K\u00f6rperzellen gespeichert ist.<\/p>\n<p>Innerhalb der Craniosacralen Biodynamik (K\u00f6rpertherapie) k\u00f6nnen wir pr\u00e4natale Spuren erkennen und in die therapeutische Arbeit mit einbeziehen. Im K\u00f6rper gebundene stresshafte Erfahrungen und traumatische Ereignisse (Blockaden) werden gel\u00f6st, so dass Gesundheit und Ganzheit durch eine nat\u00fcrliche Regulation wiederhergestellt werden k\u00f6nnen.<\/p>\n<p>Nachfolgend finden Sie einige Themen aufgelistet, bei welchen eine Behandlung im Rahmen der Pr\u00e4nataltherapie nach Irritationen sinnvoll sein kann:<\/p>\n<ul>\n<li>Dynamiken bei der Zeugung und Einnistung<\/li>\n<li>Feststellen der Schwangerschaft<\/li>\n<li>Auswirkungen von Gef\u00fchlszust\u00e4nden der Mutter auf das Ungeborene<\/li>\n<li>Pr\u00e4gungen durch Stress und Trauma der Mutter<\/li>\n<li>verlorener Zwilling<\/li>\n<li>Bindungsdynamiken w\u00e4hrend der Embryonalzeit und deren Auswirkungen<\/li>\n<li>Geburtsprozess<\/li>\n<\/ul>\n<p>Gerne erforsche ich mit Ihnen in einem vertrauensvollen Rahmen Ihre pr\u00e4natale Geschichte und begleite Sie darin, mehr Ganzheit und Gesundheit in Ihr Leben einzuladen. Bei Fragen und Anliegen wenden Sie sich gerne <a href=\"http:\/\/www.praxis-krippendorf.de\/#kontakt\"><u>telefonisch oder per Email<\/u><\/a> an mich. Ich freue mich auf Sie!<\/p>\n<div class=\"fusion-clearfix\"><\/div><\/div><\/div><div class=\"fusion-clearfix\"><\/div><\/div><\/div>\n","protected":false},"excerpt":{"rendered":"","protected":false},"author":1,"featured_media":0,"parent":0,"menu_order":0,"comment_status":"closed","ping_status":"closed","template":"100-width.php","meta":[],"_links":{"self":[{"href":"https:\/\/praxis-krippendorf.de\/index.php?rest_route=\/wp\/v2\/pages\/12322"}],"collection":[{"href":"https:\/\/praxis-krippendorf.de\/index.php?rest_route=\/wp\/v2\/pages"}],"about":[{"href":"https:\/\/praxis-krippendorf.de\/index.php?rest_route=\/wp\/v2\/types\/page"}],"author":[{"embeddable":true,"href":"https:\/\/praxis-krippendorf.de\/index.php?rest_route=\/wp\/v2\/users\/1"}],"replies":[{"embeddable":true,"href":"https:\/\/praxis-krippendorf.de\/index.php?rest_route=%2Fwp%2Fv2%2Fcomments&post=12322"}],"version-history":[{"count":10,"href":"https:\/\/praxis-krippendorf.de\/index.php?rest_route=\/wp\/v2\/pages\/12322\/revisions"}],"predecessor-version":[{"id":12727,"href":"https:\/\/praxis-krippendorf.de\/index.php?rest_route=\/wp\/v2\/pages\/12322\/revisions\/12727"}],"wp:attachment":[{"href":"https:\/\/praxis-krippendorf.de\/index.php?rest_route=%2Fwp%2Fv2%2Fmedia&parent=12322"}],"curies":[{"name":"wp","href":"https:\/\/api.w.org\/{rel}","templated":true}]}}