{"id":12312,"date":"2018-12-28T11:23:08","date_gmt":"2018-12-28T11:23:08","guid":{"rendered":"http:\/\/praxis-krippendorf.de\/?page_id=12312"},"modified":"2019-02-12T21:38:45","modified_gmt":"2019-02-12T21:38:45","slug":"craniosacrale-biodynamik-osteopathie","status":"publish","type":"page","link":"https:\/\/praxis-krippendorf.de\/?page_id=12312","title":{"rendered":"Craniosacrale Biodynamik (Osteopathie)"},"content":{"rendered":"<div class=\"fusion-fullwidth fullwidth-box fusion-fullwidth-1  fusion-parallax-none hundred-percent-fullwidth\" style=\"border-color:#eae9e9;border-bottom-width: 0px;border-top-width: 0px;border-bottom-style: solid;border-top-style: solid;padding-bottom:0px;padding-top:180px;padding-left:px;padding-right:0px;background-position:left center;background-repeat:no-repeat;-webkit-background-size:cover;-moz-background-size:cover;-o-background-size:cover;background-size:cover;-ms-filter: &quot;progid:DXImageTransform.Microsoft.AlphaImageLoader(src=&#039;https:\/\/praxis-krippendorf.de\/wp-content\/uploads\/2018\/12\/AdobeStock_86049160-osteopathie-frauen-1-1024x683.jpeg&#039;, sizingMethod=&#039;scale&#039;)&quot;;background-image: url(https:\/\/praxis-krippendorf.de\/wp-content\/uploads\/2018\/12\/AdobeStock_86049160-osteopathie-frauen-1-1024x683.jpeg);\"><style type=\"text\/css\" scoped=\"scoped\">.fusion-fullwidth-1 {\n                            padding-left: px !important;\n                            padding-right: 0px !important;\n                        }<\/style><div class=\"fusion-row\"><div class=\"fusion-one-full fusion-layout-column fusion-column-last fusion-spacing-no\" style=\"margin-top:0px;margin-bottom:0px;\"><div class=\"fusion-column-wrapper\"><div style=\"background: #dbdbdb; padding: 10px 120px; opacity: 0.75;\">\n<h2>Craniosacrale Biodynamik (Osteopathie)<\/h2>\n<\/div>\n<div class=\"fusion-clearfix\"><\/div><\/div><\/div><div class=\"fusion-clearfix\"><\/div><\/div><\/div><div class=\"fusion-fullwidth fullwidth-box fusion-fullwidth-2  fusion-parallax-none hundred-percent-fullwidth\" style=\"border-color:#eae9e9;border-bottom-width: 0px;border-top-width: 0px;border-bottom-style: solid;border-top-style: solid;padding-bottom:0px;padding-top:3px;padding-left:0px;padding-right:0px;background-color:#3ec6cb;\"><style type=\"text\/css\" scoped=\"scoped\">.fusion-fullwidth-2 {\n                            padding-left: 0px !important;\n                            padding-right: 0px !important;\n                        }<\/style><div class=\"fusion-row\"><\/div><\/div><div class=\"fusion-fullwidth fullwidth-box fusion-fullwidth-3  fusion-parallax-none nonhundred-percent-fullwidth\" style=\"border-color:#eae9e9;border-bottom-width: 0px;border-top-width: 0px;border-bottom-style: solid;border-top-style: solid;padding-bottom:60px;padding-top:60px;padding-left:0px;padding-right:0px;\"><style type=\"text\/css\" scoped=\"scoped\">.fusion-fullwidth-3 {\n                            padding-left: 0px !important;\n                            padding-right: 0px !important;\n                        }<\/style><div class=\"fusion-row\"><div class=\"fusion-one-full fusion-layout-column fusion-column-last fusion-spacing-no\" style=\"margin-top:0;margin-bottom:0;\"><div class=\"fusion-column-wrapper\" style=\"padding:0px 120px;\"><h3>Grundlagen der Craniosacral-Therapie<\/h3>\n<p>Die Craniosacral-Therapie (Cranium=Sch\u00e4del,  Sacrum=Kreuzbein) wurde zu Beginn des 20. Jahrhunderts von Dr. William G. Sutherland auf der Basis der Osteopathie entwickelt. Im Zentrum der Craniosacral-Therapie steht die Arbeit mit dem craniosacralen K\u00f6rperrhythmus, der am gesamten K\u00f6rper tastbar ist und wichtige diagnostische und therapeutische Informationen liefert. Er hat seinen Ursprung in den langsamen, rhythmischen Bewegungen der Gehirn- und R\u00fcckenmarksfl\u00fcssigkeit (Liquor), welche in pulsierenden Bewegungen durch den Wirbelkanal flie\u00dft. Sie erm\u00f6glicht es den Knochen, dem Nervensystem, den Organen und allen Geweben im Organismus, optimal miteinander zu kommunizieren. Verschiedene Qualit\u00e4ten der Rhythmen geben Auskunft \u00fcber den Zustand des Organismus auf all seinen Ebenen. Auf diese Weise lassen sich Spannungen, Funktionsst\u00f6rungen oder strukturelle Ver\u00e4nderungen im Nervensystem, an Faszien, im Gewebe, an Organen, Muskeln und Knochen ertasten und behandeln.<\/p>\n<h3>Craniosacrale Biodynamik<\/h3>\n<p>Der biodynamische Ansatz der Craniosacralen Therapie entwickelte sich in den 90er Jahren durch Franklyn Sills und James Jealous. Er befasst sich mit den subtileren bzw. energetischen Aspekten des craniosacralen Systems. Hier geht es haupts\u00e4chlich um die Wiederanbindung des K\u00f6rpers an seine inh\u00e4renten Ressourcen und Selbstheilungskr\u00e4fte. Dies erfordert eine besondere Pr\u00e4senz und Aufmerksamkeit f\u00fcr mich als Therapeutin, um \u00fcber die behutsame manuelle Arbeit am Bindegewebe, den Membranen und den Sch\u00e4delknochen heilsame Prozesse einzuleiten.<\/p>\n<div class=\"fusion-clearfix\"><\/div><\/div><\/div><div class=\"fusion-clearfix\"><\/div><div class=\"fusion-three-fourth fusion-layout-column fusion-spacing-no\" style=\"margin-top:0;margin-bottom:0;\"><div class=\"fusion-column-wrapper\" style=\"padding:0px 120px;\"><h3>Behandlungsansatz<\/h3>\n<p>Im Vergleich zu anderen manuellen Therapieformen wie Bobath oder Voita ist die Craniosacrale Biodynamik deutlich sanfter und effektiver. Eine Wiederverletzung oder Retraumatisierung kann vermieden werden. Bei der Craniosacral-Therapie werden k\u00f6rperliche Strukturen nicht nur funktional repariert, sondern es wird eine Basis geschaffen, auf der die selbstregulativen Kr\u00e4fte des K\u00f6rpers langfristige und nachhaltige Ver\u00e4nderungen bewirken k\u00f6nnen.<\/p>\n<p>Besonders am Herzen liegt mir der ruhige, respekt- und vertrauensvolle Kontakt w\u00e4hrend einer craniosacralen Behandlung. Auf Babys und Kinder wirkt die Therapie sehr entspannend und harmonisierend. Und auch Erwachsene profitieren neben k\u00f6rperlicher und mentaler Entspannung und dem Ausgleichen von Dysbalancen im K\u00f6rper ebenso von einem h\u00f6heren Energielevel und mehr Lebendigkeit nach der Behandlung.<\/p>\n<div class=\"fusion-clearfix\"><\/div><\/div><\/div><div class=\"fusion-one-fourth fusion-layout-column fusion-column-last fusion-spacing-no\" style=\"margin-top:25px;margin-bottom:0px;\"><div class=\"fusion-column-wrapper\" style=\"padding:25px 0px;\"><span class=\"fusion-imageframe imageframe-none imageframe-1 hover-type-none\"> <img decoding=\"async\" alt=\"\" src=\"https:\/\/praxis-krippendorf.de\/wp-content\/uploads\/2019\/02\/cranio-babykopf-red.jpeg\" class=\"img-responsive\"\/><\/span><div class=\"fusion-clearfix\"><\/div><\/div><\/div><div class=\"fusion-clearfix\"><\/div><div class=\"fusion-one-full fusion-layout-column fusion-column-last fusion-spacing-no\" style=\"margin-top:0;margin-bottom:0;\"><div class=\"fusion-column-wrapper\" style=\"padding:0px 120px;\"><h3>Im Kontext<\/h3>\n<ul>\n<li>In meiner Praxis nutze ich die Craniosacrale Biodynamik in allen Behandlungsgebieten (<a href=\"https:\/\/praxis-krippendorf.de\/#schwerpunkte\"><u>zur \u00dcbersicht<\/u><\/a>).<\/li>\n<li>Sie ist ebenso Grundlage der Viszeralen Osteopathie (<a href=\"https:\/\/praxis-krippendorf.de\/?page_id=12649\"><u>n\u00e4here Informationen hier<\/u><\/a>).<\/li>\n<li>F\u00fcr Neugeborene biete ich in meiner Praxis eine <a href=\"https:\/\/praxis-krippendorf.de\/?page_id=12611\"><u>osteopathische Neugeborenen-Untersuchung<\/u><\/a> an.<\/li>\n<li>Informationen zu den Kosten einer craniosacralen Behandlung finden Sie <a href=\"https:\/\/praxis-krippendorf.de\/?page_id=12455\"><u>hier<\/u><\/a><\/li>\n<\/ul>\n<div class=\"fusion-clearfix\"><\/div><\/div><\/div><div class=\"fusion-clearfix\"><\/div><\/div><\/div>\n","protected":false},"excerpt":{"rendered":"","protected":false},"author":1,"featured_media":0,"parent":0,"menu_order":0,"comment_status":"closed","ping_status":"closed","template":"100-width.php","meta":[],"_links":{"self":[{"href":"https:\/\/praxis-krippendorf.de\/index.php?rest_route=\/wp\/v2\/pages\/12312"}],"collection":[{"href":"https:\/\/praxis-krippendorf.de\/index.php?rest_route=\/wp\/v2\/pages"}],"about":[{"href":"https:\/\/praxis-krippendorf.de\/index.php?rest_route=\/wp\/v2\/types\/page"}],"author":[{"embeddable":true,"href":"https:\/\/praxis-krippendorf.de\/index.php?rest_route=\/wp\/v2\/users\/1"}],"replies":[{"embeddable":true,"href":"https:\/\/praxis-krippendorf.de\/index.php?rest_route=%2Fwp%2Fv2%2Fcomments&post=12312"}],"version-history":[{"count":19,"href":"https:\/\/praxis-krippendorf.de\/index.php?rest_route=\/wp\/v2\/pages\/12312\/revisions"}],"predecessor-version":[{"id":12688,"href":"https:\/\/praxis-krippendorf.de\/index.php?rest_route=\/wp\/v2\/pages\/12312\/revisions\/12688"}],"wp:attachment":[{"href":"https:\/\/praxis-krippendorf.de\/index.php?rest_route=%2Fwp%2Fv2%2Fmedia&parent=12312"}],"curies":[{"name":"wp","href":"https:\/\/api.w.org\/{rel}","templated":true}]}}