{"id":12089,"date":"2017-03-18T15:14:54","date_gmt":"2017-03-18T15:14:54","guid":{"rendered":"http:\/\/praxis-krippendorf.de\/?page_id=12089"},"modified":"2024-11-09T12:38:40","modified_gmt":"2024-11-09T12:38:40","slug":"saeuglinge-und-kinder","status":"publish","type":"page","link":"https:\/\/praxis-krippendorf.de\/?page_id=12089","title":{"rendered":"S\u00e4uglinge und Kinder"},"content":{"rendered":"<div class=\"fusion-fullwidth fullwidth-box fusion-fullwidth-1  fusion-parallax-none hundred-percent-fullwidth\" style=\"border-color:#eae9e9;border-bottom-width: 0px;border-top-width: 0px;border-bottom-style: solid;border-top-style: solid;padding-bottom:0px;padding-top:180px;padding-left:0px;padding-right:0px;background-position:center center;background-repeat:no-repeat;-webkit-background-size:cover;-moz-background-size:cover;-o-background-size:cover;background-size:cover;-ms-filter: &quot;progid:DXImageTransform.Microsoft.AlphaImageLoader(src=&#039;https:\/\/praxis-krippendorf.de\/wp-content\/uploads\/2017\/03\/AdobeStock_81292813-baby-behandlung-1024x683.jpeg&#039;, sizingMethod=&#039;scale&#039;)&quot;;background-image: url(https:\/\/praxis-krippendorf.de\/wp-content\/uploads\/2017\/03\/AdobeStock_81292813-baby-behandlung-1024x683.jpeg);\"><style type=\"text\/css\" scoped=\"scoped\">.fusion-fullwidth-1 {\n                            padding-left: 0px !important;\n                            padding-right: 0px !important;\n                        }<\/style><div class=\"fusion-row\"><div class=\"fusion-one-full fusion-layout-column fusion-column-last fusion-spacing-yes\" style=\"margin-top:0px;margin-bottom:0px;\"><div class=\"fusion-column-wrapper\"><div style=\"background: #dbdbdb; padding: 10px 120px; opacity: 0.75;\">\n<h2>S\u00e4uglinge und Kinder<\/h2>\n<\/div>\n<div class=\"fusion-clearfix\"><\/div><\/div><\/div><div class=\"fusion-clearfix\"><\/div><\/div><\/div><div class=\"fusion-fullwidth fullwidth-box fusion-fullwidth-2  fusion-parallax-none hundred-percent-fullwidth\" style=\"border-color:#eae9e9;border-bottom-width: 0px;border-top-width: 0px;border-bottom-style: solid;border-top-style: solid;padding-bottom:0px;padding-top:3px;padding-left:0px;padding-right:0px;background-color:#63e8ef;\"><style type=\"text\/css\" scoped=\"scoped\">.fusion-fullwidth-2 {\n                            padding-left: 0px !important;\n                            padding-right: 0px !important;\n                        }<\/style><div class=\"fusion-row\"><\/div><\/div><div class=\"fusion-fullwidth fullwidth-box fusion-fullwidth-3  fusion-parallax-none nonhundred-percent-fullwidth\" style=\"border-color:#eae9e9;border-bottom-width: 0px;border-top-width: 0px;border-bottom-style: solid;border-top-style: solid;padding-bottom:60px;padding-top:60px;padding-left:0px;padding-right:0px;\"><style type=\"text\/css\" scoped=\"scoped\">.fusion-fullwidth-3 {\n                            padding-left: 0px !important;\n                            padding-right: 0px !important;\n                        }<\/style><div class=\"fusion-row\"><div class=\"fusion-one-full fusion-layout-column fusion-column-last fusion-spacing-yes\" style=\"margin-top:0px;margin-bottom:0px;\"><div class=\"fusion-column-wrapper\" style=\"padding:0px 120px;\"><h3>Osteopathische Fr\u00fcherkennung bei Neugeborenen<\/h3>\n<p>Ich biete Ihnen f\u00fcr Ihr Neugeborenes eine Craniosacrale osteopathische Untersuchung f\u00fcr nach der Geburt an. Diese dient der Fr\u00fcherkennung evtl. Einschr\u00e4nkungen im Bewegungsapparat und reguliert Irritationen im Nervensystem des Babys. Weitere Infos zu dieser Untersuchung finden sie <strong><a href=\"https:\/\/praxis-krippendorf.de\/?page_id=12611\">hier<\/a><\/strong>.<\/p>\n<h3>Behandlung von S\u00e4uglingen<\/h3>\n<p>Viele Eltern sind hilflos, wenn bei der Entwicklung ihres Kindes etwas &#8222;nicht planm\u00e4\u00dfig&#8220; verl\u00e4uft: Wenn Babys nicht durchschlafen, st\u00e4ndig schreien, schlecht trinken, ein verformtes K\u00f6pfchen haben oder nur nach einer Seite schauen. Die Antwort lautet dann oft: &#8222;Das w\u00e4chst sich aus.&#8220; Eine ziemlich unbefriedigende Antwort.<br \/>\nDann ist manchmal schon allein das Bewusstwerden und Erkennen von bestimmten Zusammenh\u00e4ngen hilfreich und der erste Schritt in Richtung einer positiven Ver\u00e4nderung.<\/p>\n<p>Bei oben genannten und vielen weiteren Symptomen gibt es einige Heilverfahren au\u00dferhalb der klassischen Schulmedizin, mit denen Kindern und Eltern eine l\u00e4ngere Leidenszeit erspart werden kann. Dies ist in schwierigen Situationen und vor allem in neuen Lebensumst\u00e4nden besonders wichtig.<\/p>\n<p>In meiner Praxis behandle ich Neugeborene und S\u00e4uglinge beispielsweise mit:<\/p>\n<ul>\n<li>KISS, Vorzugshaltung, \u201eBlockaden\u201c<\/li>\n<li>Geburtstrauma (Kaiserschnitt, Vakuum, Fr\u00fchgeburt), Schreibabys<\/li>\n<li>Entwicklungsverz\u00f6gerung oder -st\u00f6rung<\/li>\n<li>Schlafst\u00f6rungen<\/li>\n<li>Verdauungsst\u00f6rungen (Dreimonatskoliken, Speien)<\/li>\n<li>Stillschwierigkeiten<\/li>\n<li>Neurodermitis<\/li>\n<li>Infekten<\/li>\n<\/ul>\n<h3>Behandlung von Kindern<\/h3>\n<p>Kinder besitzen im Gegensatz zu Erwachsenen noch eine nat\u00fcrliche Spontaneit\u00e4t, Freude, Verspieltheit, Neugier und Kreativit\u00e4t. Diese besonderen Qualit\u00e4ten integriere ich in die Behandlung und unterst\u00fctze das Kind in seiner Entwicklung, indem ich das Kind \u201ewahr-nehme\u201c und gleichzeitig die Wahrnehmung und Sicht des Kindes erfasse.<\/p>\n<p>In meiner Praxis begleite und therapiere ich Kinder beispielsweise bei folgenden Symptomen:<\/p>\n<ul>\n<li>Unruhe, \u00c4ngste<\/li>\n<li>Trauma (z.B. Geburt, Verletzung, Operation)<\/li>\n<li>verwachsenes KISS, Vorzugshaltung<\/li>\n<li>Kopfschmerzen<\/li>\n<li>Sehst\u00f6rungen<\/li>\n<li>motorische Entwicklungsst\u00f6rungen<\/li>\n<li>Lern- und Konzentrationsst\u00f6rungen<\/li>\n<li>ADS\/ ADHS<\/li>\n<li>Neurodermitis, Schuppenflechte<\/li>\n<li>Allergien, Asthma<\/li>\n<li>Magen- und Darmbeschwerden<\/li>\n<li>Nahrungsmittelunvertr\u00e4glichkeit<\/li>\n<li>\u00dcbergewicht, Diabetes mellitus<\/li>\n<li>Infekte, Erk\u00e4ltung<\/li>\n<\/ul>\n<p>In der Therapie achte ich insbesondere auf die Zusammenh\u00e4nge zwischen den Umst\u00e4nden von Schwangerschaft und Geburt und den momentanen Beschwerden des Kindes. Ich setze Untersuchungs- und Therapiemethoden ein, die Kinder gut annehmen k\u00f6nnen. Dabei lege ich viel Wert auf nichtinvasive (nicht die Haut verletzende) Verfahren. Die Behandlung erf\u00e4hrt das Kind als angenehm und beruhigend, so dass es sich f\u00fcr den Heilungsprozess sehr gut \u00f6ffnen kann. Dabei setze ich auf <a href=\"http:\/\/www.praxis-krippendorf.de\/#verfahren\"><u>verschiedene Therapieverfahren<\/u><\/a>.<\/p>\n<div class=\"fusion-clearfix\"><\/div><\/div><\/div><div class=\"fusion-clearfix\"><\/div><\/div><\/div>\n","protected":false},"excerpt":{"rendered":"","protected":false},"author":1,"featured_media":0,"parent":0,"menu_order":0,"comment_status":"closed","ping_status":"closed","template":"100-width.php","meta":[],"_links":{"self":[{"href":"https:\/\/praxis-krippendorf.de\/index.php?rest_route=\/wp\/v2\/pages\/12089"}],"collection":[{"href":"https:\/\/praxis-krippendorf.de\/index.php?rest_route=\/wp\/v2\/pages"}],"about":[{"href":"https:\/\/praxis-krippendorf.de\/index.php?rest_route=\/wp\/v2\/types\/page"}],"author":[{"embeddable":true,"href":"https:\/\/praxis-krippendorf.de\/index.php?rest_route=\/wp\/v2\/users\/1"}],"replies":[{"embeddable":true,"href":"https:\/\/praxis-krippendorf.de\/index.php?rest_route=%2Fwp%2Fv2%2Fcomments&post=12089"}],"version-history":[{"count":23,"href":"https:\/\/praxis-krippendorf.de\/index.php?rest_route=\/wp\/v2\/pages\/12089\/revisions"}],"predecessor-version":[{"id":13391,"href":"https:\/\/praxis-krippendorf.de\/index.php?rest_route=\/wp\/v2\/pages\/12089\/revisions\/13391"}],"wp:attachment":[{"href":"https:\/\/praxis-krippendorf.de\/index.php?rest_route=%2Fwp%2Fv2%2Fmedia&parent=12089"}],"curies":[{"name":"wp","href":"https:\/\/api.w.org\/{rel}","templated":true}]}}