{"id":12082,"date":"2017-03-18T14:42:40","date_gmt":"2017-03-18T14:42:40","guid":{"rendered":"http:\/\/praxis-krippendorf.de\/?page_id=12082"},"modified":"2024-11-09T21:35:51","modified_gmt":"2024-11-09T21:35:51","slug":"bewegung-und-ernaehrung","status":"publish","type":"page","link":"https:\/\/praxis-krippendorf.de\/?page_id=12082","title":{"rendered":"Yoga und Resilienz"},"content":{"rendered":"<div class=\"fusion-fullwidth fullwidth-box fusion-fullwidth-1  fusion-parallax-none hundred-percent-fullwidth\" style=\"border-color:#eae9e9;border-bottom-width: 0px;border-top-width: 0px;border-bottom-style: solid;border-top-style: solid;padding-bottom:0px;padding-top:180px;padding-left:0px;padding-right:0px;background-position:center bottom;background-repeat:no-repeat;-webkit-background-size:cover;-moz-background-size:cover;-o-background-size:cover;background-size:cover;-ms-filter: &quot;progid:DXImageTransform.Microsoft.AlphaImageLoader(src=&#039;https:\/\/praxis-krippendorf.de\/wp-content\/uploads\/2017\/03\/AdobeStock_238214836-yoa-ausschnitt-3-990x1024.jpeg&#039;, sizingMethod=&#039;scale&#039;)&quot;;background-image: url(https:\/\/praxis-krippendorf.de\/wp-content\/uploads\/2017\/03\/AdobeStock_238214836-yoa-ausschnitt-3-990x1024.jpeg);\"><style type=\"text\/css\" scoped=\"scoped\">.fusion-fullwidth-1 {\n                            padding-left: 0px !important;\n                            padding-right: 0px !important;\n                        }<\/style><div class=\"fusion-row\"><div class=\"fusion-one-full fusion-layout-column fusion-column-last fusion-spacing-yes\" style=\"margin-top:0px;margin-bottom:0px;\"><div class=\"fusion-column-wrapper\"><div style=\"background: #dbdbdb; padding: 10px 120px; opacity: 0.75;\">\n<h2>Yoga und Resilienz<\/h2>\n<\/div>\n<div class=\"fusion-clearfix\"><\/div><\/div><\/div><div class=\"fusion-clearfix\"><\/div><\/div><\/div><div class=\"fusion-fullwidth fullwidth-box fusion-fullwidth-2  fusion-parallax-none nonhundred-percent-fullwidth\" style=\"border-color:#eae9e9;border-bottom-width: 0px;border-top-width: 0px;border-bottom-style: solid;border-top-style: solid;padding-bottom:0px;padding-top:3px;padding-left:0px;padding-right:0px;background-color:#c7ebcb;\"><style type=\"text\/css\" scoped=\"scoped\">.fusion-fullwidth-2 {\n                            padding-left: 0px !important;\n                            padding-right: 0px !important;\n                        }<\/style><div class=\"fusion-row\"><\/div><\/div><div class=\"fusion-fullwidth fullwidth-box fusion-fullwidth-3  fusion-parallax-none nonhundred-percent-fullwidth\" style=\"border-color:#eae9e9;border-bottom-width: 0px;border-top-width: 0px;border-bottom-style: solid;border-top-style: solid;padding-bottom:60px;padding-top:60px;padding-left:0px;padding-right:0px;\"><style type=\"text\/css\" scoped=\"scoped\">.fusion-fullwidth-3 {\n                            padding-left: 0px !important;\n                            padding-right: 0px !important;\n                        }<\/style><div class=\"fusion-row\"><div class=\"fusion-one-full fusion-layout-column fusion-column-last fusion-spacing-no\" style=\"margin-top:0px;margin-bottom:0px;\"><div class=\"fusion-column-wrapper\" style=\"padding:0px 120px;\"><p>Yogaunterricht in Einzel- und Privatklassen biete ich Ihnen mit Terminvergabe an. Mehr Informationen erhalten Sie <strong><a href=\"https:\/\/praxis-krippendorf.de\/?page_id=13133\">hier<\/a><\/strong>.<\/p>\n<p>Therapeutisches Yoga mit manueller K\u00f6rpertherapie (Ber\u00fchrung und Ausrichtung durch die Therapeutin) unterst\u00fctzt die Heilung von k\u00f6rperlichen Beschwerden und f\u00f6rdert die Aktivierung der selbstregulierenden Kr\u00e4fte. Mehr Informationen zur Yogatherapie <strong><a href=\"https:\/\/praxis-krippendorf.de\/?page_id=12323\">hier<\/a><\/strong>.<\/p>\n<p>Haben Sie Fragen oder m\u00f6chten mir Ihr pers\u00f6nliches Anliegen schildern, melden Sie sich gern <strong><a href=\"https:\/\/praxis-krippendorf.de\/?page_id=12455\">telefonisch oder per Email<\/a><\/strong>.<\/p>\n<p>In K\u00fcrze erfahren Sie hier mehr.<\/p>\n<div class=\"fusion-clearfix\"><\/div><\/div><\/div><div class=\"fusion-clearfix\"><\/div><\/div><\/div>\n","protected":false},"excerpt":{"rendered":"","protected":false},"author":1,"featured_media":0,"parent":0,"menu_order":0,"comment_status":"closed","ping_status":"closed","template":"100-width.php","meta":[],"_links":{"self":[{"href":"https:\/\/praxis-krippendorf.de\/index.php?rest_route=\/wp\/v2\/pages\/12082"}],"collection":[{"href":"https:\/\/praxis-krippendorf.de\/index.php?rest_route=\/wp\/v2\/pages"}],"about":[{"href":"https:\/\/praxis-krippendorf.de\/index.php?rest_route=\/wp\/v2\/types\/page"}],"author":[{"embeddable":true,"href":"https:\/\/praxis-krippendorf.de\/index.php?rest_route=\/wp\/v2\/users\/1"}],"replies":[{"embeddable":true,"href":"https:\/\/praxis-krippendorf.de\/index.php?rest_route=%2Fwp%2Fv2%2Fcomments&post=12082"}],"version-history":[{"count":31,"href":"https:\/\/praxis-krippendorf.de\/index.php?rest_route=\/wp\/v2\/pages\/12082\/revisions"}],"predecessor-version":[{"id":12901,"href":"https:\/\/praxis-krippendorf.de\/index.php?rest_route=\/wp\/v2\/pages\/12082\/revisions\/12901"}],"wp:attachment":[{"href":"https:\/\/praxis-krippendorf.de\/index.php?rest_route=%2Fwp%2Fv2%2Fmedia&parent=12082"}],"curies":[{"name":"wp","href":"https:\/\/api.w.org\/{rel}","templated":true}]}}